{"id":47511,"date":"2015-03-16T11:30:04","date_gmt":"2015-03-16T14:30:04","guid":{"rendered":"https:\/\/buenosairesstreetart.com\/product\/tours-de-arte-callejero-2\/"},"modified":"2026-04-08T08:31:42","modified_gmt":"2026-04-08T11:31:42","slug":"tours-de-arte-callejero-2","status":"publish","type":"product","link":"https:\/\/buenosairesstreetart.com\/es\/product\/tours-de-arte-callejero-2\/","title":{"rendered":"Tours de Arte Callejero"},"content":{"rendered":"<p><em>Buenos Aires Street Art<\/em> trabaja junto a los artistas locales promoviendo, difundiendo y apoyando la escena del arte callejero de la ciudad. Tambi\u00e9n organizamos muchos proyectos de murals para pintar casas y edificios en la ciudad de Buenos Aires.<\/p>\n<h2>BA Street Art Tours comentarios en <a href=\"http:\/\/www.tripadvisor.com\/Attraction_Review-g312741-d2301509-Reviews-BA_Street_Art_Tours-Buenos_Aires_Capital_Federal_District.html\"><img loading=\"lazy\" decoding=\"async\" src=\"..\/wp-content\/uploads\/misc\/TripAdvisor-logo.png\" alt=\"As featured on Tripadvisor\" width=\"150\" height=\"26\" \/><\/a><\/h2>\n<blockquote><p>Si quer\u00e9s salir un poco del circuito tur\u00edstico habitual y te gusta el street art creo que es una actividad imprescindible en Bs As.\u00bb <em>Jaime, Espa\u00f1a<\/em> <span style=\"line-height: 1.5em;\">Creo que no hay criticas&#8230; es un deleite para el esp\u00edritu.\u00bb <\/span><em style=\"line-height: 1.5em;\">Carolina P\u00e9rez, Argentina<\/em> Para todos los que tengan inter\u00e9s en el arte y sus nuevas manifestaci\u00f3nes, \u00e9ste es un recorrido que no se pueden perder. Las paredes de Buenos Aires est\u00e1n repletas de obras fant\u00e1sticas y artistas muy talentosos.\u00bb <em>Marina Mart\u00ednez, Argentina<\/em> Una manera para conocer bellezas un poco m\u00e1s escondidas de la ciudad y una forma alternativa de recorrerla!\u00bb <em>Federica, Italia<\/em> Para quienes est\u00e1n interesados en el graffiti como una de las manifestaci\u00f3nes m\u00e1s importantes del street art en la actualidad, \u00e9sta es una actividad imperdible para hacer en Buenos Aires.\u00bb <em>Natalia Torres, Colombia<\/em><\/p><\/blockquote>\n<p><strong>Fijense m\u00e1s comentarios en espa\u00f1ol, ingl\u00e9s, portugu\u00e9s, franc\u00e9s y alem\u00e1n sobre Buenos Aires Street Art Tours on <a href=\"http:\/\/www.tripadvisor.com.ar\/Attraction_Review-g312741-d2301509-Reviews-BA_Street_Art_Tours-Buenos_Aires_Capital_Federal_District.html\" target=\"_blank\">Tripadvisor<\/a><\/strong><\/p>\n<h2>Buenos Aires Street Art Tours en las noticias &#8230;..<\/h2>\n<p>[one_fourth]<a href=\"http:\/\/www.youtube.com\/watch?v=ljlsgd1K6y8\"><img decoding=\"async\" class=\"alignnone  wp-image-18661\" src=\"..\/wp-content\/uploads\/misc\/bbc.png\" alt=\"BBC World featuring BA Street Art\" \/><\/a>[\/one_fourth][one_fourth]<a href=\"..\/2013\/12\/time-out-buenos-aires-magazine-features-street-art-project\/\"><img decoding=\"async\" class=\"alignnone size-full wp-image-18701\" src=\"..\/wp-content\/uploads\/misc\/buenos-aires.gif\" alt=\"Time Out\" \/><\/a>[\/one_fourth] [one_fourth_last]<a href=\"http:\/\/www.youtube.com\/watch?v=RMdMayfNVx0&amp;feature=c4-overview&amp;list=UUasPVmT6HhRc9U0nlTBp7Rw\"><img decoding=\"async\" class=\"alignnone size-slide-medium wp-image-18695\" src=\"..\/wp-content\/uploads\/misc\/aljazeera.png\" alt=\"Al Jazeera\" \/><\/a>[\/one_fourth_last][one_fourth]<a href=\"http:\/\/www.youtube.com\/watch?v=16N8XNKeOIQ&amp;feature=c4-overview&amp;list=UUasPVmT6HhRc9U0nlTBp7Rw\"><img loading=\"lazy\" decoding=\"async\" class=\"alignnone size-full wp-image-18705\" src=\"..\/wp-content\/uploads\/misc\/ZDF-logo.png\" alt=\"ZDF logo\" width=\"150\" height=\"88\" \/><\/a>[\/one_fourth] [one_fourth]<a href=\"http:\/\/www.youtube.com\/watch?v=gdZxQGufCtM&amp;feature=c4-overview&amp;list=UUasPVmT6HhRc9U0nlTBp7Rw\"><img loading=\"lazy\" decoding=\"async\" width=\"164\" height=\"25\" class=\"alignnone size-full wp-image-18703\" src=\"..\/wp-content\/uploads\/misc\/tvbrasil_header_logo.png\" alt=\"TV Brazil\" \/><\/a>[\/one_fourth] [one_fourth_last]<a href=\"http:\/\/www.huffingtonpost.com\/2013\/05\/06\/argentina-street-art_n_3224835.html\"><img loading=\"lazy\" decoding=\"async\" class=\"alignnone  wp-image-19012\" src=\"..\/wp-content\/uploads\/2013\/12\/huffington-post-logo.jpg\" alt=\"huffington post logo\" width=\"143\" height=\"51\" srcset=\"https:\/\/buenosairesstreetart.com\/wp-content\/uploads\/2013\/12\/huffington-post-logo.jpg 228w, https:\/\/buenosairesstreetart.com\/wp-content\/uploads\/2013\/12\/huffington-post-logo-79x28.jpg 79w\" sizes=\"auto, (max-width: 143px) 100vw, 143px\" \/><\/a>[\/one_fourth_last] [one_fourth]<a href=\"http:\/\/www.lonelyplanet.com\/north-america\/travel-tips-and-articles\/76674\"><img decoding=\"async\" src=\"..\/wp-content\/uploads\/misc\/lonely_planet.png\" alt=\"Lonely Planet\" \/><\/a>[\/one_fourth] [one_fourth_last]<a href=\"http:\/\/www.telegraph.co.uk\/culture\/culturepicturegalleries\/10226219\/Wonder-of-Argentinas-giant-artwork.html\"><img decoding=\"async\" class=\"alignnone  wp-image-18952\" src=\"..\/wp-content\/uploads\/misc\/The-Telegraph-logo.png\" alt=\"Telegraph\" \/><\/a>[\/one_fourth_last]<\/p>\n","protected":false},"excerpt":{"rendered":"<p>Nuestros tours muestran un\u00a0lado art\u00edstico de esta gran ciudad y los murales m\u00e1s grandes en barrios que no aparecen en las gu\u00edas tur\u00edsticas. Nosotros hemos organizado m\u00e1s de 100 murales en la ciudad y tomamos un rol activo para apoyar a la gente y las comunidades de Buenos Aires. Tenemos un conocimiento amplio del arte callejero y graffiti porte\u00f1o y tambi\u00e9n publicamos un libro sobre el tema. Estamos orgullosos de haber apoyado festivales de arte urbano y eventos en la comunidad local durante los \u00faltimos 6 a\u00f1os, y de haber trabajado como curadores en distintos proyectos con artistas, propietarios y el gobierno de la ciudad. Nuestros gu\u00edas expertos te ofrecer\u00e1n una experiencia inolvidable &#8211; descubrir\u00e1n lugares nuevos, conocer\u00e1n gente buena onda y aprender\u00e1n sobre la escena singular de arte callejero en Buenos Aires.<\/p>\n<p><strong><span style=\"font-weight: 400;\">Salen tours regulares los martes, jueves y s\u00e1bado a las 14.45 hs <\/span><b>en ingl\u00e9s<\/b><span style=\"font-weight: 400;\">. Para participar, reserva tu lugar ac\u00e1 en nuestra p\u00e1gina. Al completar el formulario te mandaremos autom\u00e1ticamente los detalles del punto de encuentro. El precio es US$20 o AR$300 por persona. A ciudadanos argentinos les ofrecemos un descuento de AR$150. Tendr\u00e1s la opci\u00f3n de pagar en efectivo despu\u00e9s del tour o a trav\u00e9s de PayPal. Alternativamente, mand\u00e1nos un correo a <\/span><a href=\"mailto:info@buenosairesstreetart.com\"><span style=\"font-weight: 400;\">info@buenosairesstreetart.com<\/span><\/a> <\/strong><\/p>\n","protected":false},"featured_media":0,"comment_status":"open","ping_status":"closed","template":"","meta":{"_themeisle_gutenberg_block_has_review":false},"product_brand":[],"product_cat":[2541],"product_tag":[],"class_list":{"0":"post-47511","1":"product","2":"type-product","3":"status-publish","5":"product_cat-uncategorized","7":"first","8":"instock","9":"virtual","10":"sold-individually","11":"purchasable","12":"product-type-booking"},"yoast_head":"<!-- This site is optimized with the Yoast SEO plugin v26.6 - https:\/\/yoast.com\/wordpress\/plugins\/seo\/ -->\n<title>Tours de Arte Callejero - Buenos Aires Street Art and Graffiti - BA Street Art<\/title>\n<meta name=\"robots\" content=\"index, follow, max-snippet:-1, max-image-preview:large, max-video-preview:-1\" \/>\n<link rel=\"canonical\" href=\"https:\/\/buenosairesstreetart.com\/es\/product\/tours-de-arte-callejero-2\/\" \/>\n<meta property=\"og:locale\" content=\"es_ES\" \/>\n<meta property=\"og:type\" content=\"article\" \/>\n<meta property=\"og:title\" content=\"Tours de Arte Callejero - Buenos Aires Street Art and Graffiti - BA Street Art\" \/>\n<meta property=\"og:description\" content=\"Nuestros tours muestran un\u00a0lado art\u00edstico de esta gran ciudad y los murales m\u00e1s grandes en barrios que no aparecen en las gu\u00edas tur\u00edsticas. Nosotros hemos organizado m\u00e1s de 100 murales en la ciudad y tomamos un rol activo para apoyar a la gente y las comunidades de Buenos Aires. Tenemos un conocimiento amplio del arte callejero y graffiti porte\u00f1o y tambi\u00e9n publicamos un libro sobre el tema. Estamos orgullosos de haber apoyado festivales de arte urbano y eventos en la comunidad local durante los \u00faltimos 6 a\u00f1os, y de haber trabajado como curadores en distintos proyectos con artistas, propietarios y el gobierno de la ciudad. Nuestros gu\u00edas expertos te ofrecer\u00e1n una experiencia inolvidable - descubrir\u00e1n lugares nuevos, conocer\u00e1n gente buena onda y aprender\u00e1n sobre la escena singular de arte callejero en Buenos Aires.  Salen tours regulares los martes, jueves y s\u00e1bado a las 14.45 hs en ingl\u00e9s. Para participar, reserva tu lugar ac\u00e1 en nuestra p\u00e1gina. Al completar el formulario te mandaremos autom\u00e1ticamente los detalles del punto de encuentro. El precio es US$20 o AR$300 por persona. A ciudadanos argentinos les ofrecemos un descuento de AR$150. Tendr\u00e1s la opci\u00f3n de pagar en efectivo despu\u00e9s del tour o a trav\u00e9s de PayPal. Alternativamente, mand\u00e1nos un correo a info@buenosairesstreetart.com\" \/>\n<meta property=\"og:url\" content=\"https:\/\/buenosairesstreetart.com\/es\/product\/tours-de-arte-callejero-2\/\" \/>\n<meta property=\"og:site_name\" content=\"Buenos Aires Street Art and Graffiti - BA Street Art\" \/>\n<meta property=\"article:publisher\" content=\"https:\/\/www.facebook.com\/buenosairesstreetart\" \/>\n<meta property=\"article:modified_time\" content=\"2026-04-08T11:31:42+00:00\" \/>\n<meta property=\"og:image\" content=\"http:\/\/..\/wp-content\/uploads\/misc\/TripAdvisor-logo.png\" \/>\n<meta name=\"twitter:card\" content=\"summary_large_image\" \/>\n<meta name=\"twitter:label1\" content=\"Tiempo de lectura\" \/>\n\t<meta name=\"twitter:data1\" content=\"1 minuto\" \/>\n<script type=\"application\/ld+json\" class=\"yoast-schema-graph\">{\"@context\":\"https:\/\/schema.org\",\"@graph\":[{\"@type\":\"WebPage\",\"@id\":\"https:\/\/buenosairesstreetart.com\/es\/product\/tours-de-arte-callejero-2\/\",\"url\":\"https:\/\/buenosairesstreetart.com\/es\/product\/tours-de-arte-callejero-2\/\",\"name\":\"Tours de Arte Callejero - Buenos Aires Street Art and Graffiti - BA Street Art\",\"isPartOf\":{\"@id\":\"https:\/\/buenosairesstreetart.com\/#website\"},\"datePublished\":\"2015-03-16T14:30:04+00:00\",\"dateModified\":\"2026-04-08T11:31:42+00:00\",\"breadcrumb\":{\"@id\":\"https:\/\/buenosairesstreetart.com\/es\/product\/tours-de-arte-callejero-2\/#breadcrumb\"},\"inLanguage\":\"es\",\"potentialAction\":[{\"@type\":\"ReadAction\",\"target\":[\"https:\/\/buenosairesstreetart.com\/es\/product\/tours-de-arte-callejero-2\/\"]}]},{\"@type\":\"BreadcrumbList\",\"@id\":\"https:\/\/buenosairesstreetart.com\/es\/product\/tours-de-arte-callejero-2\/#breadcrumb\",\"itemListElement\":[{\"@type\":\"ListItem\",\"position\":1,\"name\":\"Home\",\"item\":\"https:\/\/buenosairesstreetart.com\/es\/\"},{\"@type\":\"ListItem\",\"position\":2,\"name\":\"Shop\",\"item\":\"https:\/\/buenosairesstreetart.com\/es\/tienda\/\"},{\"@type\":\"ListItem\",\"position\":3,\"name\":\"Tours de Arte Callejero\"}]},{\"@type\":\"WebSite\",\"@id\":\"https:\/\/buenosairesstreetart.com\/#website\",\"url\":\"https:\/\/buenosairesstreetart.com\/\",\"name\":\"Buenos Aires Street Art and Graffiti - BA Street Art\",\"description\":\"Buenos Aires street art and graffiti tours\",\"publisher\":{\"@id\":\"https:\/\/buenosairesstreetart.com\/#organization\"},\"potentialAction\":[{\"@type\":\"SearchAction\",\"target\":{\"@type\":\"EntryPoint\",\"urlTemplate\":\"https:\/\/buenosairesstreetart.com\/?s={search_term_string}\"},\"query-input\":{\"@type\":\"PropertyValueSpecification\",\"valueRequired\":true,\"valueName\":\"search_term_string\"}}],\"inLanguage\":\"es\"},{\"@type\":\"Organization\",\"@id\":\"https:\/\/buenosairesstreetart.com\/#organization\",\"name\":\"Buenos Aires Street Art and Graffiti - BA Street Art\",\"url\":\"https:\/\/buenosairesstreetart.com\/\",\"logo\":{\"@type\":\"ImageObject\",\"inLanguage\":\"es\",\"@id\":\"https:\/\/buenosairesstreetart.com\/#\/schema\/logo\/image\/\",\"url\":\"https:\/\/buenosairesstreetart.com\/wp-content\/uploads\/2022\/10\/logo_main.jpg\",\"contentUrl\":\"https:\/\/buenosairesstreetart.com\/wp-content\/uploads\/2022\/10\/logo_main.jpg\",\"width\":305,\"height\":89,\"caption\":\"Buenos Aires Street Art and Graffiti - BA Street Art\"},\"image\":{\"@id\":\"https:\/\/buenosairesstreetart.com\/#\/schema\/logo\/image\/\"},\"sameAs\":[\"https:\/\/www.facebook.com\/buenosairesstreetart\"]}]}<\/script>\n<!-- \/ Yoast SEO plugin. -->","yoast_head_json":{"title":"Tours de Arte Callejero - Buenos Aires Street Art and Graffiti - BA Street Art","robots":{"index":"index","follow":"follow","max-snippet":"max-snippet:-1","max-image-preview":"max-image-preview:large","max-video-preview":"max-video-preview:-1"},"canonical":"https:\/\/buenosairesstreetart.com\/es\/product\/tours-de-arte-callejero-2\/","og_locale":"es_ES","og_type":"article","og_title":"Tours de Arte Callejero - Buenos Aires Street Art and Graffiti - BA Street Art","og_description":"Nuestros tours muestran un\u00a0lado art\u00edstico de esta gran ciudad y los murales m\u00e1s grandes en barrios que no aparecen en las gu\u00edas tur\u00edsticas. Nosotros hemos organizado m\u00e1s de 100 murales en la ciudad y tomamos un rol activo para apoyar a la gente y las comunidades de Buenos Aires. Tenemos un conocimiento amplio del arte callejero y graffiti porte\u00f1o y tambi\u00e9n publicamos un libro sobre el tema. Estamos orgullosos de haber apoyado festivales de arte urbano y eventos en la comunidad local durante los \u00faltimos 6 a\u00f1os, y de haber trabajado como curadores en distintos proyectos con artistas, propietarios y el gobierno de la ciudad. Nuestros gu\u00edas expertos te ofrecer\u00e1n una experiencia inolvidable - descubrir\u00e1n lugares nuevos, conocer\u00e1n gente buena onda y aprender\u00e1n sobre la escena singular de arte callejero en Buenos Aires.  Salen tours regulares los martes, jueves y s\u00e1bado a las 14.45 hs en ingl\u00e9s. Para participar, reserva tu lugar ac\u00e1 en nuestra p\u00e1gina. Al completar el formulario te mandaremos autom\u00e1ticamente los detalles del punto de encuentro. El precio es US$20 o AR$300 por persona. A ciudadanos argentinos les ofrecemos un descuento de AR$150. Tendr\u00e1s la opci\u00f3n de pagar en efectivo despu\u00e9s del tour o a trav\u00e9s de PayPal. Alternativamente, mand\u00e1nos un correo a info@buenosairesstreetart.com","og_url":"https:\/\/buenosairesstreetart.com\/es\/product\/tours-de-arte-callejero-2\/","og_site_name":"Buenos Aires Street Art and Graffiti - BA Street Art","article_publisher":"https:\/\/www.facebook.com\/buenosairesstreetart","article_modified_time":"2026-04-08T11:31:42+00:00","og_image":[{"url":"..\/wp-content\/uploads\/misc\/TripAdvisor-logo.png","type":"","width":"","height":""}],"twitter_card":"summary_large_image","twitter_misc":{"Tiempo de lectura":"1 minuto"},"schema":{"@context":"https:\/\/schema.org","@graph":[{"@type":"WebPage","@id":"https:\/\/buenosairesstreetart.com\/es\/product\/tours-de-arte-callejero-2\/","url":"https:\/\/buenosairesstreetart.com\/es\/product\/tours-de-arte-callejero-2\/","name":"Tours de Arte Callejero - Buenos Aires Street Art and Graffiti - BA Street Art","isPartOf":{"@id":"https:\/\/buenosairesstreetart.com\/#website"},"datePublished":"2015-03-16T14:30:04+00:00","dateModified":"2026-04-08T11:31:42+00:00","breadcrumb":{"@id":"https:\/\/buenosairesstreetart.com\/es\/product\/tours-de-arte-callejero-2\/#breadcrumb"},"inLanguage":"es","potentialAction":[{"@type":"ReadAction","target":["https:\/\/buenosairesstreetart.com\/es\/product\/tours-de-arte-callejero-2\/"]}]},{"@type":"BreadcrumbList","@id":"https:\/\/buenosairesstreetart.com\/es\/product\/tours-de-arte-callejero-2\/#breadcrumb","itemListElement":[{"@type":"ListItem","position":1,"name":"Home","item":"https:\/\/buenosairesstreetart.com\/es\/"},{"@type":"ListItem","position":2,"name":"Shop","item":"https:\/\/buenosairesstreetart.com\/es\/tienda\/"},{"@type":"ListItem","position":3,"name":"Tours de Arte Callejero"}]},{"@type":"WebSite","@id":"https:\/\/buenosairesstreetart.com\/#website","url":"https:\/\/buenosairesstreetart.com\/","name":"Buenos Aires Street Art and Graffiti - BA Street Art","description":"Buenos Aires street art and graffiti tours","publisher":{"@id":"https:\/\/buenosairesstreetart.com\/#organization"},"potentialAction":[{"@type":"SearchAction","target":{"@type":"EntryPoint","urlTemplate":"https:\/\/buenosairesstreetart.com\/?s={search_term_string}"},"query-input":{"@type":"PropertyValueSpecification","valueRequired":true,"valueName":"search_term_string"}}],"inLanguage":"es"},{"@type":"Organization","@id":"https:\/\/buenosairesstreetart.com\/#organization","name":"Buenos Aires Street Art and Graffiti - BA Street Art","url":"https:\/\/buenosairesstreetart.com\/","logo":{"@type":"ImageObject","inLanguage":"es","@id":"https:\/\/buenosairesstreetart.com\/#\/schema\/logo\/image\/","url":"https:\/\/buenosairesstreetart.com\/wp-content\/uploads\/2022\/10\/logo_main.jpg","contentUrl":"https:\/\/buenosairesstreetart.com\/wp-content\/uploads\/2022\/10\/logo_main.jpg","width":305,"height":89,"caption":"Buenos Aires Street Art and Graffiti - BA Street Art"},"image":{"@id":"https:\/\/buenosairesstreetart.com\/#\/schema\/logo\/image\/"},"sameAs":["https:\/\/www.facebook.com\/buenosairesstreetart"]}]}},"_links":{"self":[{"href":"https:\/\/buenosairesstreetart.com\/es\/wp-json\/wp\/v2\/product\/47511","targetHints":{"allow":["GET"]}}],"collection":[{"href":"https:\/\/buenosairesstreetart.com\/es\/wp-json\/wp\/v2\/product"}],"about":[{"href":"https:\/\/buenosairesstreetart.com\/es\/wp-json\/wp\/v2\/types\/product"}],"replies":[{"embeddable":true,"href":"https:\/\/buenosairesstreetart.com\/es\/wp-json\/wp\/v2\/comments?post=47511"}],"wp:attachment":[{"href":"https:\/\/buenosairesstreetart.com\/es\/wp-json\/wp\/v2\/media?parent=47511"}],"wp:term":[{"taxonomy":"product_brand","embeddable":true,"href":"https:\/\/buenosairesstreetart.com\/es\/wp-json\/wp\/v2\/product_brand?post=47511"},{"taxonomy":"product_cat","embeddable":true,"href":"https:\/\/buenosairesstreetart.com\/es\/wp-json\/wp\/v2\/product_cat?post=47511"},{"taxonomy":"product_tag","embeddable":true,"href":"https:\/\/buenosairesstreetart.com\/es\/wp-json\/wp\/v2\/product_tag?post=47511"}],"curies":[{"name":"wp","href":"https:\/\/api.w.org\/{rel}","templated":true}]}}