{"id":61995,"date":"2018-09-21T07:05:23","date_gmt":"2018-09-21T10:05:23","guid":{"rendered":"https:\/\/buenosairesstreetart.com\/projects\/villa-urquiza\/"},"modified":"2022-02-23T20:43:27","modified_gmt":"2022-02-23T23:43:27","slug":"villa-urquiza","status":"publish","type":"page","link":"https:\/\/buenosairesstreetart.com\/es\/projects\/villa-urquiza\/","title":{"rendered":"Villa Urquiza"},"content":{"rendered":"<p>En agosto 2013, <em>Buenos Aires Street Art<\/em> organiz\u00f3 y cur\u00f3 el mural m\u00e1s grande en Buenos Aires que mide 412m2 en el barrio de Villa Urquiza. El mega mural titulado &#8216;El cuento de los loros&#8217; fue creado durante 16 d\u00edas por el muralista argentino Mart\u00edn Ron junto a Jiant y Guiviro. Despl\u00e1cese hacia abajo para obtener m\u00e1s informaci\u00f3n y fotos.<\/p>\n<p><!--more--><\/p>\n<div id=\"attachment_57015\" style=\"width: 930px\" class=\"wp-caption alignnone\"><img loading=\"lazy\" decoding=\"async\" aria-describedby=\"caption-attachment-57015\" class=\"wp-image-57015\" src=\"https:\/\/buenosairesstreetart.com\/wp-content\/uploads\/2018\/09\/11.jpg\" alt=\"mural mas grande buenos aires graffiti tour project organised by Buenos Aires Street Art arte urbano ciudad mas grande\" width=\"920\" height=\"637\" \/><p id=\"caption-attachment-57015\" class=\"wp-caption-text\">Uno de los murales m\u00e1s ic\u00f3nicos de Buenos Aires pintado por Mart\u00edn Ron y organizado por <em>BA Street Art<\/em><\/p><\/div>\n<div id=\"attachment_57008\" style=\"width: 930px\" class=\"wp-caption alignnone\"><img loading=\"lazy\" decoding=\"async\" aria-describedby=\"caption-attachment-57008\" class=\"wp-image-57008\" src=\"https:\/\/buenosairesstreetart.com\/wp-content\/uploads\/2018\/09\/day-1.jpg\" alt=\"buscando paredes buenos aires graffiti tour proyectos de murales arte ba muros walls\" width=\"920\" height=\"613\" \/><p id=\"caption-attachment-57008\" class=\"wp-caption-text\">Pared antes de empezar de pintar<\/p><\/div>\n<div id=\"attachment_57009\" style=\"width: 930px\" class=\"wp-caption alignnone\"><img loading=\"lazy\" decoding=\"async\" aria-describedby=\"caption-attachment-57009\" class=\"wp-image-57009 size-full\" src=\"https:\/\/buenosairesstreetart.com\/wp-content\/uploads\/2018\/09\/4.png\" alt=\"biggest mural argentina buenos aires grafiti tour figura caracter biggest graffiti\" width=\"920\" height=\"614\" \/><p id=\"caption-attachment-57009\" class=\"wp-caption-text\">Primeros trazos<\/p><\/div>\n<p>El Gobierno de la Ciudad de Buenos Aires tambi\u00e9n ayud\u00f3 a patrocinar el proyecto del mural<\/p>\n<div id=\"attachment_57010\" style=\"width: 930px\" class=\"wp-caption alignnone\"><img loading=\"lazy\" decoding=\"async\" aria-describedby=\"caption-attachment-57010\" class=\"wp-image-57010\" src=\"https:\/\/buenosairesstreetart.com\/wp-content\/uploads\/2018\/09\/5.jpg\" alt=\"street artist buenos aires argentina capital murales arte callejero tours ciudad city parrot guacamayo loro\" width=\"920\" height=\"613\" \/><p id=\"caption-attachment-57010\" class=\"wp-caption-text\">Pintando un loro<\/p><\/div>\n<div id=\"attachment_57011\" style=\"width: 930px\" class=\"wp-caption alignnone\"><img loading=\"lazy\" decoding=\"async\" aria-describedby=\"caption-attachment-57011\" class=\"wp-image-57011\" src=\"https:\/\/buenosairesstreetart.com\/wp-content\/uploads\/2018\/09\/6.png\" alt=\"tourism buenos aires graffiti tour argentina mural organised by BA Street Art\" width=\"920\" height=\"613\" \/><p id=\"caption-attachment-57011\" class=\"wp-caption-text\">Los artistas se unen con unos turistas durante un <em>BA Street Art Tour<\/em><\/p><\/div>\n<div id=\"attachment_57013\" style=\"width: 930px\" class=\"wp-caption alignnone\"><img loading=\"lazy\" decoding=\"async\" aria-describedby=\"caption-attachment-57013\" class=\"wp-image-57013\" src=\"https:\/\/buenosairesstreetart.com\/wp-content\/uploads\/2018\/09\/9.jpg\" alt=\"\" width=\"920\" height=\"619\" \/><p id=\"caption-attachment-57013\" class=\"wp-caption-text\">Detalles en la mano y la tabla de skate<\/p><\/div>\n<div id=\"attachment_57012\" style=\"width: 930px\" class=\"wp-caption alignnone\"><img loading=\"lazy\" decoding=\"async\" aria-describedby=\"caption-attachment-57012\" class=\"wp-image-57012 size-full\" src=\"https:\/\/buenosairesstreetart.com\/wp-content\/uploads\/2018\/09\/8.png\" alt=\"largest mural buenos aires argentina graffiti tour BA Street Art tallest\" width=\"920\" height=\"614\" \/><p id=\"caption-attachment-57012\" class=\"wp-caption-text\">Llamativo<\/p><\/div>\n<div id=\"attachment_57014\" style=\"width: 930px\" class=\"wp-caption alignnone\"><img loading=\"lazy\" decoding=\"async\" aria-describedby=\"caption-attachment-57014\" class=\"wp-image-57014\" src=\"https:\/\/buenosairesstreetart.com\/wp-content\/uploads\/2018\/09\/10.jpg\" alt=\"street artist signing mural martin ron curado por buenos aires street art jiant guiviro villa urquiza argentina\" width=\"920\" height=\"613\" \/><p id=\"caption-attachment-57014\" class=\"wp-caption-text\">Martin Ron terminando de firmar el mural con un credito a <em>Buenos Aires Street Art<\/em> y la C.G.P.C No 12<\/p><\/div>\n<div id=\"attachment_57021\" style=\"width: 930px\" class=\"wp-caption alignnone\"><img loading=\"lazy\" decoding=\"async\" aria-describedby=\"caption-attachment-57021\" class=\"wp-image-57021\" src=\"https:\/\/buenosairesstreetart.com\/wp-content\/uploads\/2018\/09\/12.jpg\" alt=\"\" width=\"920\" height=\"613\" \/><p id=\"caption-attachment-57021\" class=\"wp-caption-text\">Leonardo Caruso, Daniel Chain (Ministro de Obras P\u00fablicas), Martin Ron, Gabriel Dotta, Matt Fox-Tucker (director de <em>Buenos Aires Street Art<\/em>), Jiant y Guiviro<\/p><\/div>\n<div id=\"attachment_61989\" style=\"width: 1410px\" class=\"wp-caption alignnone\"><a href=\"https:\/\/buenosairesstreetart.com\/wp-content\/uploads\/2022\/02\/martin-ron-muralista-mural-mas-grande-buenos-aires-villa-urquiza-matt-fox-tucker.jpg\"><img loading=\"lazy\" decoding=\"async\" aria-describedby=\"caption-attachment-61989\" class=\"wp-image-61989 size-full\" src=\"https:\/\/buenosairesstreetart.com\/wp-content\/uploads\/2022\/02\/martin-ron-muralista-mural-mas-grande-buenos-aires-villa-urquiza-matt-fox-tucker.jpg\" alt=\"\" width=\"1400\" height=\"1377\" srcset=\"https:\/\/buenosairesstreetart.com\/wp-content\/uploads\/2022\/02\/martin-ron-muralista-mural-mas-grande-buenos-aires-villa-urquiza-matt-fox-tucker.jpg 1400w, https:\/\/buenosairesstreetart.com\/wp-content\/uploads\/2022\/02\/martin-ron-muralista-mural-mas-grande-buenos-aires-villa-urquiza-matt-fox-tucker-300x295.jpg 300w, https:\/\/buenosairesstreetart.com\/wp-content\/uploads\/2022\/02\/martin-ron-muralista-mural-mas-grande-buenos-aires-villa-urquiza-matt-fox-tucker-700x689.jpg 700w, https:\/\/buenosairesstreetart.com\/wp-content\/uploads\/2022\/02\/martin-ron-muralista-mural-mas-grande-buenos-aires-villa-urquiza-matt-fox-tucker-768x755.jpg 768w, https:\/\/buenosairesstreetart.com\/wp-content\/uploads\/2022\/02\/martin-ron-muralista-mural-mas-grande-buenos-aires-villa-urquiza-matt-fox-tucker-347x341.jpg 347w\" sizes=\"auto, (max-width: 1400px) 100vw, 1400px\" \/><\/a><p id=\"caption-attachment-61989\" class=\"wp-caption-text\">Nota en The Telegraph (2013) sobre el mural gigante<\/p><\/div>\n<p>La idea para el mural fue del fundador de <em>Buenos Aires Street Art<\/em> Matt Fox-Tucker de seleccionar un artista para crear un mural espectacular que transformar\u00eda la zona donde vive en un verdadero distrito de street art y uno de los mejores lugares para ver arte urbano en la ciudad. El mural ha aparecido en prensa internacional como la BBC, Al Jazeera, Brasil TV, CCTV China, The Telegraph, y los diarios Clar\u00edn y La Naci\u00f3n.<\/p>\n<p>Fotos \u00a9 Miguel Babjaczuk y Matt Fox-Tucker para <em>Buenos Aires Street Art<\/em><\/p>\n","protected":false},"excerpt":{"rendered":"<p>En agosto 2013, Buenos Aires Street Art organiz\u00f3 y cur\u00f3 el mural m\u00e1s grande en Buenos Aires que mide 412m2&#8230;<\/p>\n","protected":false},"author":11,"featured_media":0,"parent":58233,"menu_order":0,"comment_status":"closed","ping_status":"closed","template":"","meta":{"_themeisle_gutenberg_block_has_review":false,"footnotes":""},"class_list":["post-61995","page","type-page","status-publish","hentry"],"yoast_head":"<!-- This site is optimized with the Yoast SEO plugin v26.6 - https:\/\/yoast.com\/wordpress\/plugins\/seo\/ -->\n<title>Villa Urquiza | BA Street Art<\/title>\n<meta name=\"description\" content=\"Biggest mural in Buenos Aires painted by Martin Ron in 2013. Project curated &amp; organised by Buenos Aires Street Art founder Matt Fox-Tucker\" \/>\n<meta name=\"robots\" content=\"index, follow, max-snippet:-1, max-image-preview:large, max-video-preview:-1\" \/>\n<link rel=\"canonical\" href=\"https:\/\/buenosairesstreetart.com\/projects\/villa-urquiza\/\" \/>\n<meta property=\"og:locale\" content=\"es_ES\" \/>\n<meta property=\"og:type\" content=\"article\" \/>\n<meta property=\"og:title\" content=\"Villa Urquiza | BA Street Art\" \/>\n<meta property=\"og:description\" content=\"Biggest mural in Buenos Aires painted by Martin Ron in 2013. Project curated &amp; organised by Buenos Aires Street Art founder Matt Fox-Tucker\" \/>\n<meta property=\"og:url\" content=\"https:\/\/buenosairesstreetart.com\/projects\/villa-urquiza\/\" \/>\n<meta property=\"og:site_name\" content=\"Buenos Aires Street Art and Graffiti - BA Street Art\" \/>\n<meta property=\"article:publisher\" content=\"https:\/\/www.facebook.com\/buenosairesstreetart\" \/>\n<meta property=\"article:modified_time\" content=\"2022-02-23T23:43:27+00:00\" \/>\n<meta property=\"og:image\" content=\"https:\/\/buenosairesstreetart.com\/wp-content\/uploads\/2018\/09\/11.jpg\" \/>\n<meta name=\"twitter:card\" content=\"summary_large_image\" \/>\n<meta name=\"twitter:label1\" content=\"Tiempo de lectura\" \/>\n\t<meta name=\"twitter:data1\" content=\"4 minutos\" \/>\n<script type=\"application\/ld+json\" class=\"yoast-schema-graph\">{\"@context\":\"https:\/\/schema.org\",\"@graph\":[{\"@type\":\"WebPage\",\"@id\":\"https:\/\/buenosairesstreetart.com\/projects\/villa-urquiza\/\",\"url\":\"https:\/\/buenosairesstreetart.com\/projects\/villa-urquiza\/\",\"name\":\"Villa Urquiza | BA Street Art\",\"isPartOf\":{\"@id\":\"https:\/\/buenosairesstreetart.com\/#website\"},\"primaryImageOfPage\":{\"@id\":\"https:\/\/buenosairesstreetart.com\/projects\/villa-urquiza\/#primaryimage\"},\"image\":{\"@id\":\"https:\/\/buenosairesstreetart.com\/projects\/villa-urquiza\/#primaryimage\"},\"thumbnailUrl\":\"https:\/\/buenosairesstreetart.com\/wp-content\/uploads\/2018\/09\/11.jpg\",\"datePublished\":\"2018-09-21T10:05:23+00:00\",\"dateModified\":\"2022-02-23T23:43:27+00:00\",\"description\":\"Biggest mural in Buenos Aires painted by Martin Ron in 2013. Project curated & organised by Buenos Aires Street Art founder Matt Fox-Tucker\",\"breadcrumb\":{\"@id\":\"https:\/\/buenosairesstreetart.com\/projects\/villa-urquiza\/#breadcrumb\"},\"inLanguage\":\"es\",\"potentialAction\":[{\"@type\":\"ReadAction\",\"target\":[\"https:\/\/buenosairesstreetart.com\/projects\/villa-urquiza\/\"]}]},{\"@type\":\"ImageObject\",\"inLanguage\":\"es\",\"@id\":\"https:\/\/buenosairesstreetart.com\/projects\/villa-urquiza\/#primaryimage\",\"url\":\"https:\/\/buenosairesstreetart.com\/wp-content\/uploads\/2018\/09\/11.jpg\",\"contentUrl\":\"https:\/\/buenosairesstreetart.com\/wp-content\/uploads\/2018\/09\/11.jpg\"},{\"@type\":\"BreadcrumbList\",\"@id\":\"https:\/\/buenosairesstreetart.com\/projects\/villa-urquiza\/#breadcrumb\",\"itemListElement\":[{\"@type\":\"ListItem\",\"position\":1,\"name\":\"Home\",\"item\":\"https:\/\/buenosairesstreetart.com\/es\/\"},{\"@type\":\"ListItem\",\"position\":2,\"name\":\"Projects\",\"item\":\"https:\/\/buenosairesstreetart.com\/es\/projects\/\"},{\"@type\":\"ListItem\",\"position\":3,\"name\":\"Villa Urquiza\"}]},{\"@type\":\"WebSite\",\"@id\":\"https:\/\/buenosairesstreetart.com\/#website\",\"url\":\"https:\/\/buenosairesstreetart.com\/\",\"name\":\"Buenos Aires Street Art and Graffiti - BA Street Art\",\"description\":\"Buenos Aires street art and graffiti tours\",\"publisher\":{\"@id\":\"https:\/\/buenosairesstreetart.com\/#organization\"},\"potentialAction\":[{\"@type\":\"SearchAction\",\"target\":{\"@type\":\"EntryPoint\",\"urlTemplate\":\"https:\/\/buenosairesstreetart.com\/?s={search_term_string}\"},\"query-input\":{\"@type\":\"PropertyValueSpecification\",\"valueRequired\":true,\"valueName\":\"search_term_string\"}}],\"inLanguage\":\"es\"},{\"@type\":\"Organization\",\"@id\":\"https:\/\/buenosairesstreetart.com\/#organization\",\"name\":\"Buenos Aires Street Art and Graffiti - BA Street Art\",\"url\":\"https:\/\/buenosairesstreetart.com\/\",\"logo\":{\"@type\":\"ImageObject\",\"inLanguage\":\"es\",\"@id\":\"https:\/\/buenosairesstreetart.com\/#\/schema\/logo\/image\/\",\"url\":\"https:\/\/buenosairesstreetart.com\/wp-content\/uploads\/2022\/10\/logo_main.jpg\",\"contentUrl\":\"https:\/\/buenosairesstreetart.com\/wp-content\/uploads\/2022\/10\/logo_main.jpg\",\"width\":305,\"height\":89,\"caption\":\"Buenos Aires Street Art and Graffiti - BA Street Art\"},\"image\":{\"@id\":\"https:\/\/buenosairesstreetart.com\/#\/schema\/logo\/image\/\"},\"sameAs\":[\"https:\/\/www.facebook.com\/buenosairesstreetart\"]}]}<\/script>\n<!-- \/ Yoast SEO plugin. -->","yoast_head_json":{"title":"Villa Urquiza | BA Street Art","description":"Biggest mural in Buenos Aires painted by Martin Ron in 2013. Project curated & organised by Buenos Aires Street Art founder Matt Fox-Tucker","robots":{"index":"index","follow":"follow","max-snippet":"max-snippet:-1","max-image-preview":"max-image-preview:large","max-video-preview":"max-video-preview:-1"},"canonical":"https:\/\/buenosairesstreetart.com\/projects\/villa-urquiza\/","og_locale":"es_ES","og_type":"article","og_title":"Villa Urquiza | BA Street Art","og_description":"Biggest mural in Buenos Aires painted by Martin Ron in 2013. Project curated & organised by Buenos Aires Street Art founder Matt Fox-Tucker","og_url":"https:\/\/buenosairesstreetart.com\/projects\/villa-urquiza\/","og_site_name":"Buenos Aires Street Art and Graffiti - BA Street Art","article_publisher":"https:\/\/www.facebook.com\/buenosairesstreetart","article_modified_time":"2022-02-23T23:43:27+00:00","og_image":[{"url":"https:\/\/buenosairesstreetart.com\/wp-content\/uploads\/2018\/09\/11.jpg","type":"","width":"","height":""}],"twitter_card":"summary_large_image","twitter_misc":{"Tiempo de lectura":"4 minutos"},"schema":{"@context":"https:\/\/schema.org","@graph":[{"@type":"WebPage","@id":"https:\/\/buenosairesstreetart.com\/projects\/villa-urquiza\/","url":"https:\/\/buenosairesstreetart.com\/projects\/villa-urquiza\/","name":"Villa Urquiza | BA Street Art","isPartOf":{"@id":"https:\/\/buenosairesstreetart.com\/#website"},"primaryImageOfPage":{"@id":"https:\/\/buenosairesstreetart.com\/projects\/villa-urquiza\/#primaryimage"},"image":{"@id":"https:\/\/buenosairesstreetart.com\/projects\/villa-urquiza\/#primaryimage"},"thumbnailUrl":"https:\/\/buenosairesstreetart.com\/wp-content\/uploads\/2018\/09\/11.jpg","datePublished":"2018-09-21T10:05:23+00:00","dateModified":"2022-02-23T23:43:27+00:00","description":"Biggest mural in Buenos Aires painted by Martin Ron in 2013. Project curated & organised by Buenos Aires Street Art founder Matt Fox-Tucker","breadcrumb":{"@id":"https:\/\/buenosairesstreetart.com\/projects\/villa-urquiza\/#breadcrumb"},"inLanguage":"es","potentialAction":[{"@type":"ReadAction","target":["https:\/\/buenosairesstreetart.com\/projects\/villa-urquiza\/"]}]},{"@type":"ImageObject","inLanguage":"es","@id":"https:\/\/buenosairesstreetart.com\/projects\/villa-urquiza\/#primaryimage","url":"https:\/\/buenosairesstreetart.com\/wp-content\/uploads\/2018\/09\/11.jpg","contentUrl":"https:\/\/buenosairesstreetart.com\/wp-content\/uploads\/2018\/09\/11.jpg"},{"@type":"BreadcrumbList","@id":"https:\/\/buenosairesstreetart.com\/projects\/villa-urquiza\/#breadcrumb","itemListElement":[{"@type":"ListItem","position":1,"name":"Home","item":"https:\/\/buenosairesstreetart.com\/es\/"},{"@type":"ListItem","position":2,"name":"Projects","item":"https:\/\/buenosairesstreetart.com\/es\/projects\/"},{"@type":"ListItem","position":3,"name":"Villa Urquiza"}]},{"@type":"WebSite","@id":"https:\/\/buenosairesstreetart.com\/#website","url":"https:\/\/buenosairesstreetart.com\/","name":"Buenos Aires Street Art and Graffiti - BA Street Art","description":"Buenos Aires street art and graffiti tours","publisher":{"@id":"https:\/\/buenosairesstreetart.com\/#organization"},"potentialAction":[{"@type":"SearchAction","target":{"@type":"EntryPoint","urlTemplate":"https:\/\/buenosairesstreetart.com\/?s={search_term_string}"},"query-input":{"@type":"PropertyValueSpecification","valueRequired":true,"valueName":"search_term_string"}}],"inLanguage":"es"},{"@type":"Organization","@id":"https:\/\/buenosairesstreetart.com\/#organization","name":"Buenos Aires Street Art and Graffiti - BA Street Art","url":"https:\/\/buenosairesstreetart.com\/","logo":{"@type":"ImageObject","inLanguage":"es","@id":"https:\/\/buenosairesstreetart.com\/#\/schema\/logo\/image\/","url":"https:\/\/buenosairesstreetart.com\/wp-content\/uploads\/2022\/10\/logo_main.jpg","contentUrl":"https:\/\/buenosairesstreetart.com\/wp-content\/uploads\/2022\/10\/logo_main.jpg","width":305,"height":89,"caption":"Buenos Aires Street Art and Graffiti - BA Street Art"},"image":{"@id":"https:\/\/buenosairesstreetart.com\/#\/schema\/logo\/image\/"},"sameAs":["https:\/\/www.facebook.com\/buenosairesstreetart"]}]}},"_links":{"self":[{"href":"https:\/\/buenosairesstreetart.com\/es\/wp-json\/wp\/v2\/pages\/61995","targetHints":{"allow":["GET"]}}],"collection":[{"href":"https:\/\/buenosairesstreetart.com\/es\/wp-json\/wp\/v2\/pages"}],"about":[{"href":"https:\/\/buenosairesstreetart.com\/es\/wp-json\/wp\/v2\/types\/page"}],"author":[{"embeddable":true,"href":"https:\/\/buenosairesstreetart.com\/es\/wp-json\/wp\/v2\/users\/11"}],"replies":[{"embeddable":true,"href":"https:\/\/buenosairesstreetart.com\/es\/wp-json\/wp\/v2\/comments?post=61995"}],"version-history":[{"count":0,"href":"https:\/\/buenosairesstreetart.com\/es\/wp-json\/wp\/v2\/pages\/61995\/revisions"}],"up":[{"embeddable":true,"href":"https:\/\/buenosairesstreetart.com\/es\/wp-json\/wp\/v2\/pages\/58233"}],"wp:attachment":[{"href":"https:\/\/buenosairesstreetart.com\/es\/wp-json\/wp\/v2\/media?parent=61995"}],"curies":[{"name":"wp","href":"https:\/\/api.w.org\/{rel}","templated":true}]}}