{"id":58248,"date":"2018-08-14T16:17:22","date_gmt":"2018-08-14T19:17:22","guid":{"rendered":"https:\/\/buenosairesstreetart.com\/es\/gallery\/"},"modified":"2022-02-24T12:56:06","modified_gmt":"2022-02-24T15:56:06","slug":"gallery","status":"publish","type":"page","link":"https:\/\/buenosairesstreetart.com\/es\/gallery\/","title":{"rendered":"Galer\u00eda"},"content":{"rendered":"<p>[vc_row][vc_column 0=\u00bb\u00bb][vc_column_text css=\u00bb.vc_custom_1645718316483{margin-bottom: 0px !important;}\u00bb]<em>Buenos Aires Street Art<\/em> tiene una galer\u00eda contempor\u00e1nea en Buenos Aires dedicada al arte latinoamericano incluyendo obras de graffiti y el street art. El showroom tiene cuadros pintados por unos de los mejores artistas callejeros de Chile, Colombia, Paraguay, Venezuela, Argentina y tambi\u00e9n de artistas callejeros internacionales.<\/p>\n<p><img loading=\"lazy\" decoding=\"async\" class=\"wp-image-56857 size-full\" src=\"https:\/\/buenosairesstreetart.com\/wp-content\/uploads\/2018\/08\/art-gallery-buenos-aires-paintings-buenosairesstreetart.com_.jpg\" alt=\"\" width=\"4256\" height=\"962\" \/><\/p>\n<p>Nuestra galer\u00eda ofrece obras peque\u00f1as a la venta incluyendo grabados y lin\u00f3grafos en costos econ\u00f3micos para fan\u00e1ticos del street art y coleccionistas.[\/vc_column_text][vc_masonry_media_grid element_width=\u00bb3&#8243; grid_id=\u00bbvc_gid:1645718262837-5d04c2c0-515d-8&#8243; include=\u00bb56869,56858,56862,56866,56863,56868,56861,56864,56860,56867,56859,56865&#8243;][\/vc_column][\/vc_row][vc_row 0=\u00bb\u00bb][vc_column 0=\u00bb\u00bb][vc_column_text 0=\u00bb\u00bb]<\/p>\n<p><strong>Horas de apertura<\/strong>: solamente por cita previa<\/p>\n<p>Contactanos info@buenosairesstreetart.com en relaci\u00f3n con visitas, pedidos y ventas.[\/vc_column_text][\/vc_column][\/vc_row]<\/p>\n","protected":false},"excerpt":{"rendered":"<p>[vc_row][vc_column 0=\u00bb\u00bb][vc_column_text css=\u00bb.vc_custom_1645718316483{margin-bottom: 0px !important;}\u00bb]Buenos Aires Street Art tiene una galer\u00eda contempor\u00e1nea en Buenos Aires dedicada al arte latinoamericano incluyendo&#8230;<\/p>\n","protected":false},"author":11,"featured_media":62004,"parent":0,"menu_order":0,"comment_status":"closed","ping_status":"closed","template":"","meta":{"_themeisle_gutenberg_block_has_review":false,"footnotes":""},"class_list":["post-58248","page","type-page","status-publish","has-post-thumbnail","hentry"],"yoast_head":"<!-- This site is optimized with the Yoast SEO plugin v26.6 - https:\/\/yoast.com\/wordpress\/plugins\/seo\/ -->\n<title>Galer\u00eda | BA Street Art<\/title>\n<meta name=\"description\" content=\"Buenos Aires street art gallery with paintings for sale by Latin American graffiti artists &amp; street artists at affordable prices. Get in touch: info@buenosairesstreetart.com\" \/>\n<meta name=\"robots\" content=\"index, follow, max-snippet:-1, max-image-preview:large, max-video-preview:-1\" \/>\n<link rel=\"canonical\" href=\"https:\/\/buenosairesstreetart.com\/es\/gallery\/\" \/>\n<meta property=\"og:locale\" content=\"es_ES\" \/>\n<meta property=\"og:type\" content=\"article\" \/>\n<meta property=\"og:title\" content=\"Galer\u00eda | BA Street Art\" \/>\n<meta property=\"og:description\" content=\"Buenos Aires street art gallery with paintings for sale by Latin American graffiti artists &amp; street artists at affordable prices. Get in touch: info@buenosairesstreetart.com\" \/>\n<meta property=\"og:url\" content=\"https:\/\/buenosairesstreetart.com\/es\/gallery\/\" \/>\n<meta property=\"og:site_name\" content=\"Buenos Aires Street Art and Graffiti - BA Street Art\" \/>\n<meta property=\"article:publisher\" content=\"https:\/\/www.facebook.com\/buenosairesstreetart\" \/>\n<meta property=\"article:modified_time\" content=\"2022-02-24T15:56:06+00:00\" \/>\n<meta property=\"og:image\" content=\"https:\/\/buenosairesstreetart.com\/wp-content\/uploads\/2018\/08\/art-gallery-buenos-aires-paintings-buenosairesstreetart.com_-scaled.jpg\" \/>\n\t<meta property=\"og:image:width\" content=\"2560\" \/>\n\t<meta property=\"og:image:height\" content=\"579\" \/>\n\t<meta property=\"og:image:type\" content=\"image\/jpeg\" \/>\n<meta name=\"twitter:card\" content=\"summary_large_image\" \/>\n<meta name=\"twitter:label1\" content=\"Tiempo de lectura\" \/>\n\t<meta name=\"twitter:data1\" content=\"1 minuto\" \/>\n<script type=\"application\/ld+json\" class=\"yoast-schema-graph\">{\"@context\":\"https:\/\/schema.org\",\"@graph\":[{\"@type\":\"WebPage\",\"@id\":\"https:\/\/buenosairesstreetart.com\/es\/gallery\/\",\"url\":\"https:\/\/buenosairesstreetart.com\/es\/gallery\/\",\"name\":\"Galer\u00eda | BA Street Art\",\"isPartOf\":{\"@id\":\"https:\/\/buenosairesstreetart.com\/#website\"},\"primaryImageOfPage\":{\"@id\":\"https:\/\/buenosairesstreetart.com\/es\/gallery\/#primaryimage\"},\"image\":{\"@id\":\"https:\/\/buenosairesstreetart.com\/es\/gallery\/#primaryimage\"},\"thumbnailUrl\":\"https:\/\/buenosairesstreetart.com\/wp-content\/uploads\/2018\/08\/art-gallery-buenos-aires-paintings-buenosairesstreetart.com_-scaled.jpg\",\"datePublished\":\"2018-08-14T19:17:22+00:00\",\"dateModified\":\"2022-02-24T15:56:06+00:00\",\"description\":\"Buenos Aires street art gallery with paintings for sale by Latin American graffiti artists & street artists at affordable prices. Get in touch: info@buenosairesstreetart.com\",\"breadcrumb\":{\"@id\":\"https:\/\/buenosairesstreetart.com\/es\/gallery\/#breadcrumb\"},\"inLanguage\":\"es\",\"potentialAction\":[{\"@type\":\"ReadAction\",\"target\":[\"https:\/\/buenosairesstreetart.com\/es\/gallery\/\"]}]},{\"@type\":\"ImageObject\",\"inLanguage\":\"es\",\"@id\":\"https:\/\/buenosairesstreetart.com\/es\/gallery\/#primaryimage\",\"url\":\"https:\/\/buenosairesstreetart.com\/wp-content\/uploads\/2018\/08\/art-gallery-buenos-aires-paintings-buenosairesstreetart.com_-scaled.jpg\",\"contentUrl\":\"https:\/\/buenosairesstreetart.com\/wp-content\/uploads\/2018\/08\/art-gallery-buenos-aires-paintings-buenosairesstreetart.com_-scaled.jpg\",\"width\":2560,\"height\":579,\"caption\":\"[#Beginning of Shooting Data Section] Nikon D700 16\/07\/2015 17:08:49.95 Zona horaria\/fecha: UTC+8, Horario verano:Desactivado JPEG b\u00e1sica Tama\u00f1o imagen: L (4256 x 2832), FX Objetivo: 28-80mm F\/3,5-5,6D Fot\u00f3grafo: Patricio Calut Derechos de autor: Patricio Calut Distancia focal: 28mm Modo de exposici\u00f3n: Manual Medici\u00f3n: Matricial Velocidad de obturaci\u00f3n: 1\/2s Diafragma: F\/5,6 Comp. expos.: 0EV Ajuste fino exposic.: Sensibilidad ISO: ISO 200 Optimizar imagen: Balance de blancos: Autom\u00e1tico, 0, 0 Modo de enfoque: AF-S Modo de zona de AF: AF de detecci\u00f3n de contraste Ajuste prec. AF: Desactivado VR: RR exposic. prolongada: Desactivada RR ISO alta: Desactivada Modo de color: Espacio de color: Adobe RGB Compensaci\u00f3n tonos: Ajuste tonal: Saturaci\u00f3n: Nitidez: D-Lighting activo: Desactivado Control de vi\u00f1eta: Alto Control auto. de la distorsi\u00f3n: Picture Control: [SD] Est\u00e1ndar Basado en: [SD] Est\u00e1ndar Ajuste r\u00e1pido: 0 Nitidez: 3 Contraste: 0 Brillo: 0 Saturaci\u00f3n: 0 Tono: 0 Efectos de filtro: Cambio de tono: Datum mapa: Autentificaci\u00f3n: Desactivada Limpieza del sensor de imagen: 16\/07\/2015 16:34:34 Coment. imagen: [#End of Shooting Data Section]\"},{\"@type\":\"BreadcrumbList\",\"@id\":\"https:\/\/buenosairesstreetart.com\/es\/gallery\/#breadcrumb\",\"itemListElement\":[{\"@type\":\"ListItem\",\"position\":1,\"name\":\"Home\",\"item\":\"https:\/\/buenosairesstreetart.com\/es\/\"},{\"@type\":\"ListItem\",\"position\":2,\"name\":\"Galer\u00eda\"}]},{\"@type\":\"WebSite\",\"@id\":\"https:\/\/buenosairesstreetart.com\/#website\",\"url\":\"https:\/\/buenosairesstreetart.com\/\",\"name\":\"Buenos Aires Street Art and Graffiti - BA Street Art\",\"description\":\"Buenos Aires street art and graffiti tours\",\"publisher\":{\"@id\":\"https:\/\/buenosairesstreetart.com\/#organization\"},\"potentialAction\":[{\"@type\":\"SearchAction\",\"target\":{\"@type\":\"EntryPoint\",\"urlTemplate\":\"https:\/\/buenosairesstreetart.com\/?s={search_term_string}\"},\"query-input\":{\"@type\":\"PropertyValueSpecification\",\"valueRequired\":true,\"valueName\":\"search_term_string\"}}],\"inLanguage\":\"es\"},{\"@type\":\"Organization\",\"@id\":\"https:\/\/buenosairesstreetart.com\/#organization\",\"name\":\"Buenos Aires Street Art and Graffiti - BA Street Art\",\"url\":\"https:\/\/buenosairesstreetart.com\/\",\"logo\":{\"@type\":\"ImageObject\",\"inLanguage\":\"es\",\"@id\":\"https:\/\/buenosairesstreetart.com\/#\/schema\/logo\/image\/\",\"url\":\"https:\/\/buenosairesstreetart.com\/wp-content\/uploads\/2022\/10\/logo_main.jpg\",\"contentUrl\":\"https:\/\/buenosairesstreetart.com\/wp-content\/uploads\/2022\/10\/logo_main.jpg\",\"width\":305,\"height\":89,\"caption\":\"Buenos Aires Street Art and Graffiti - BA Street Art\"},\"image\":{\"@id\":\"https:\/\/buenosairesstreetart.com\/#\/schema\/logo\/image\/\"},\"sameAs\":[\"https:\/\/www.facebook.com\/buenosairesstreetart\"]}]}<\/script>\n<!-- \/ Yoast SEO plugin. -->","yoast_head_json":{"title":"Galer\u00eda | BA Street Art","description":"Buenos Aires street art gallery with paintings for sale by Latin American graffiti artists & street artists at affordable prices. Get in touch: info@buenosairesstreetart.com","robots":{"index":"index","follow":"follow","max-snippet":"max-snippet:-1","max-image-preview":"max-image-preview:large","max-video-preview":"max-video-preview:-1"},"canonical":"https:\/\/buenosairesstreetart.com\/es\/gallery\/","og_locale":"es_ES","og_type":"article","og_title":"Galer\u00eda | BA Street Art","og_description":"Buenos Aires street art gallery with paintings for sale by Latin American graffiti artists & street artists at affordable prices. Get in touch: info@buenosairesstreetart.com","og_url":"https:\/\/buenosairesstreetart.com\/es\/gallery\/","og_site_name":"Buenos Aires Street Art and Graffiti - BA Street Art","article_publisher":"https:\/\/www.facebook.com\/buenosairesstreetart","article_modified_time":"2022-02-24T15:56:06+00:00","og_image":[{"width":2560,"height":579,"url":"https:\/\/buenosairesstreetart.com\/wp-content\/uploads\/2018\/08\/art-gallery-buenos-aires-paintings-buenosairesstreetart.com_-scaled.jpg","type":"image\/jpeg"}],"twitter_card":"summary_large_image","twitter_misc":{"Tiempo de lectura":"1 minuto"},"schema":{"@context":"https:\/\/schema.org","@graph":[{"@type":"WebPage","@id":"https:\/\/buenosairesstreetart.com\/es\/gallery\/","url":"https:\/\/buenosairesstreetart.com\/es\/gallery\/","name":"Galer\u00eda | BA Street Art","isPartOf":{"@id":"https:\/\/buenosairesstreetart.com\/#website"},"primaryImageOfPage":{"@id":"https:\/\/buenosairesstreetart.com\/es\/gallery\/#primaryimage"},"image":{"@id":"https:\/\/buenosairesstreetart.com\/es\/gallery\/#primaryimage"},"thumbnailUrl":"https:\/\/buenosairesstreetart.com\/wp-content\/uploads\/2018\/08\/art-gallery-buenos-aires-paintings-buenosairesstreetart.com_-scaled.jpg","datePublished":"2018-08-14T19:17:22+00:00","dateModified":"2022-02-24T15:56:06+00:00","description":"Buenos Aires street art gallery with paintings for sale by Latin American graffiti artists & street artists at affordable prices. Get in touch: info@buenosairesstreetart.com","breadcrumb":{"@id":"https:\/\/buenosairesstreetart.com\/es\/gallery\/#breadcrumb"},"inLanguage":"es","potentialAction":[{"@type":"ReadAction","target":["https:\/\/buenosairesstreetart.com\/es\/gallery\/"]}]},{"@type":"ImageObject","inLanguage":"es","@id":"https:\/\/buenosairesstreetart.com\/es\/gallery\/#primaryimage","url":"https:\/\/buenosairesstreetart.com\/wp-content\/uploads\/2018\/08\/art-gallery-buenos-aires-paintings-buenosairesstreetart.com_-scaled.jpg","contentUrl":"https:\/\/buenosairesstreetart.com\/wp-content\/uploads\/2018\/08\/art-gallery-buenos-aires-paintings-buenosairesstreetart.com_-scaled.jpg","width":2560,"height":579,"caption":"[#Beginning of Shooting Data Section] Nikon D700 16\/07\/2015 17:08:49.95 Zona horaria\/fecha: UTC+8, Horario verano:Desactivado JPEG b\u00e1sica Tama\u00f1o imagen: L (4256 x 2832), FX Objetivo: 28-80mm F\/3,5-5,6D Fot\u00f3grafo: Patricio Calut Derechos de autor: Patricio Calut Distancia focal: 28mm Modo de exposici\u00f3n: Manual Medici\u00f3n: Matricial Velocidad de obturaci\u00f3n: 1\/2s Diafragma: F\/5,6 Comp. expos.: 0EV Ajuste fino exposic.: Sensibilidad ISO: ISO 200 Optimizar imagen: Balance de blancos: Autom\u00e1tico, 0, 0 Modo de enfoque: AF-S Modo de zona de AF: AF de detecci\u00f3n de contraste Ajuste prec. AF: Desactivado VR: RR exposic. prolongada: Desactivada RR ISO alta: Desactivada Modo de color: Espacio de color: Adobe RGB Compensaci\u00f3n tonos: Ajuste tonal: Saturaci\u00f3n: Nitidez: D-Lighting activo: Desactivado Control de vi\u00f1eta: Alto Control auto. de la distorsi\u00f3n: Picture Control: [SD] Est\u00e1ndar Basado en: [SD] Est\u00e1ndar Ajuste r\u00e1pido: 0 Nitidez: 3 Contraste: 0 Brillo: 0 Saturaci\u00f3n: 0 Tono: 0 Efectos de filtro: Cambio de tono: Datum mapa: Autentificaci\u00f3n: Desactivada Limpieza del sensor de imagen: 16\/07\/2015 16:34:34 Coment. imagen: [#End of Shooting Data Section]"},{"@type":"BreadcrumbList","@id":"https:\/\/buenosairesstreetart.com\/es\/gallery\/#breadcrumb","itemListElement":[{"@type":"ListItem","position":1,"name":"Home","item":"https:\/\/buenosairesstreetart.com\/es\/"},{"@type":"ListItem","position":2,"name":"Galer\u00eda"}]},{"@type":"WebSite","@id":"https:\/\/buenosairesstreetart.com\/#website","url":"https:\/\/buenosairesstreetart.com\/","name":"Buenos Aires Street Art and Graffiti - BA Street Art","description":"Buenos Aires street art and graffiti tours","publisher":{"@id":"https:\/\/buenosairesstreetart.com\/#organization"},"potentialAction":[{"@type":"SearchAction","target":{"@type":"EntryPoint","urlTemplate":"https:\/\/buenosairesstreetart.com\/?s={search_term_string}"},"query-input":{"@type":"PropertyValueSpecification","valueRequired":true,"valueName":"search_term_string"}}],"inLanguage":"es"},{"@type":"Organization","@id":"https:\/\/buenosairesstreetart.com\/#organization","name":"Buenos Aires Street Art and Graffiti - BA Street Art","url":"https:\/\/buenosairesstreetart.com\/","logo":{"@type":"ImageObject","inLanguage":"es","@id":"https:\/\/buenosairesstreetart.com\/#\/schema\/logo\/image\/","url":"https:\/\/buenosairesstreetart.com\/wp-content\/uploads\/2022\/10\/logo_main.jpg","contentUrl":"https:\/\/buenosairesstreetart.com\/wp-content\/uploads\/2022\/10\/logo_main.jpg","width":305,"height":89,"caption":"Buenos Aires Street Art and Graffiti - BA Street Art"},"image":{"@id":"https:\/\/buenosairesstreetart.com\/#\/schema\/logo\/image\/"},"sameAs":["https:\/\/www.facebook.com\/buenosairesstreetart"]}]}},"_links":{"self":[{"href":"https:\/\/buenosairesstreetart.com\/es\/wp-json\/wp\/v2\/pages\/58248","targetHints":{"allow":["GET"]}}],"collection":[{"href":"https:\/\/buenosairesstreetart.com\/es\/wp-json\/wp\/v2\/pages"}],"about":[{"href":"https:\/\/buenosairesstreetart.com\/es\/wp-json\/wp\/v2\/types\/page"}],"author":[{"embeddable":true,"href":"https:\/\/buenosairesstreetart.com\/es\/wp-json\/wp\/v2\/users\/11"}],"replies":[{"embeddable":true,"href":"https:\/\/buenosairesstreetart.com\/es\/wp-json\/wp\/v2\/comments?post=58248"}],"version-history":[{"count":0,"href":"https:\/\/buenosairesstreetart.com\/es\/wp-json\/wp\/v2\/pages\/58248\/revisions"}],"wp:featuredmedia":[{"embeddable":true,"href":"https:\/\/buenosairesstreetart.com\/es\/wp-json\/wp\/v2\/media\/62004"}],"wp:attachment":[{"href":"https:\/\/buenosairesstreetart.com\/es\/wp-json\/wp\/v2\/media?parent=58248"}],"curies":[{"name":"wp","href":"https:\/\/api.w.org\/{rel}","templated":true}]}}