{"id":58239,"date":"2018-08-14T15:29:54","date_gmt":"2018-08-14T18:29:54","guid":{"rendered":"https:\/\/buenosairesstreetart.com\/es\/walking-tours\/"},"modified":"2024-10-20T13:42:29","modified_gmt":"2024-10-20T16:42:29","slug":"walking-tours","status":"publish","type":"page","link":"https:\/\/buenosairesstreetart.com\/es\/walking-tours\/","title":{"rendered":"Walking tours"},"content":{"rendered":"<p>[vc_row][vc_column width=\u00bb3\/6&#8243;][vc_column_text]Nuestros tours van a mostrarles el lado art\u00edstico de Buenos Aires y unos de los murales m\u00e1s grandes e ic\u00f3nicos en unas areas de la ciudad que no est\u00e1n en las guiadas tur\u00edsticas. <em>Buenos Aires Street Art<\/em> fue fundada en 2009 y durante este tiempo ha organizado m\u00e1s de 250 murales en la ciudad y en otros pa\u00edses tambi\u00e9n. Fondos que recibimos de nuestros tours ayudan financiar m\u00e1s proyectos de murales.<\/p>\n<p><strong>WALKING TOURS REGULARES<\/strong><\/p>\n<p><a href=\"https:\/\/buenosairesstreetart.com\/wp-content\/uploads\/2015\/03\/graffiti-tour-buenos-aires-BA-Street-Art.jpg\"><img loading=\"lazy\" decoding=\"async\" class=\"aligncenter wp-image-50660 size-full\" src=\"https:\/\/buenosairesstreetart.com\/wp-content\/uploads\/2015\/03\/graffiti-tour-buenos-aires-BA-Street-Art.jpg\" alt=\"graffiti tour buenos aires BA Street Art\" width=\"700\" height=\"212\" srcset=\"https:\/\/buenosairesstreetart.com\/wp-content\/uploads\/2015\/03\/graffiti-tour-buenos-aires-BA-Street-Art.jpg 700w, https:\/\/buenosairesstreetart.com\/wp-content\/uploads\/2015\/03\/graffiti-tour-buenos-aires-BA-Street-Art-347x105.jpg 347w, https:\/\/buenosairesstreetart.com\/wp-content\/uploads\/2015\/03\/graffiti-tour-buenos-aires-BA-Street-Art-300x91.jpg 300w\" sizes=\"auto, (max-width: 700px) 100vw, 700px\" \/><\/a><\/p>\n<p style=\"text-align: left;\"><strong>Cada martes, jueves y s\u00e1bado empezando a las 14 hs.<\/strong> Los tours regulares a pie se realizan en ingl\u00e9s visitando unos barrios en el noroeste de la ciudad con murales por artistas como Fintan Magee, Alice Pasquini, Kiptoe y Mart\u00edn Ron. Duraci\u00f3n aproximadamente 2 horas y 30 minutos. Precio <strong>US$20 o AR$20,000 pesos <\/strong>por persona. Pueden hacer la reserva para este tour por el calendario abajo. Lleva un par de minutos y toda la informaci\u00f3n necesaria sobre el tour y el punto del encuentro va a estar enviada autom\u00e1ticamente. Nuestro email es info@buenosairesstreetart.com[\/vc_column_text][vc_single_image image=\u00bb56764&#8243; img_size=\u00bblarge\u00bb][\/vc_column][vc_column width=\u00bb3\/6&#8243;][vc_single_image image=\u00bb56777&#8243; img_size=\u00bblarge\u00bb][vc_column_text css=\u00bb.vc_custom_1534271053151{margin-bottom: 0px !important;}\u00bb]<div class=\"woocommerce\"><\/div>[\/vc_column_text][\/vc_column][\/vc_row][vc_row][vc_column][vc_column_text]<img loading=\"lazy\" decoding=\"async\" class=\"aligncenter wp-image-56574 size-medium\" src=\"https:\/\/buenosairesstreetart.com\/wp-content\/uploads\/2018\/08\/logo-Tripadvisor-BA-Street-Art-Tours.png-300x72-300x72.jpg\" alt=\"\" width=\"300\" height=\"72\" \/>[\/vc_column_text][vc_row_inner][vc_column_inner width=\u00bb1\/2&#8243;][vc_column_text]I recommend everybody visiting Buenos Aires to consider BA Street Art Tours as it will be really a great experience. Moreover, if you\u2019re lucky, you can have the chance to see an artist at work! &#8211;\u00a0<strong>Lucia Esposto, Italy<\/strong>[\/vc_column_text][vc_separator][vc_column_text]Having written a book on street art in BA you would be hard pressed to find a guide more in touch with what\u2019s going on. I work with a lot of street artists in London and it was refreshing to come half way round the world and see such passion here! If you choose any tour make sure it\u2019s this one. \u2013\u00a0<strong><em>Sam Mills, London<\/em><\/strong>[\/vc_column_text][\/vc_column_inner][vc_column_inner width=\u00bb1\/2&#8243;][vc_column_text]We saw a very different side of Buenos Aires that most tourists probably wouldn\u2019t even think to see. I\u2019d recommend it to everybody who is living here, or just passing through. \u2013 <strong>Andrew Gardiner, Australia<\/strong>[\/vc_column_text][vc_separator][vc_column_text]If you have an interest in art of any kind then I can\u2019t recommend this tour highly enough. It was fascinating and the guide\u2019s enthusiasm and huge knowledge of his chosen subject made the tour one of the best experiences of our month-long trip. \u2013 <strong>Fiona and Trevor Wilson, Scotland<\/strong>[\/vc_column_text][\/vc_column_inner][\/vc_row_inner][vc_column_text]<b> <\/b>As featured in:[\/vc_column_text][vc_row_inner][vc_column_inner width=\u00bb1\/4&#8243;][vc_column_text]<img loading=\"lazy\" decoding=\"async\" class=\"aligncenter wp-image-56427 size-medium\" src=\"https:\/\/buenosairesstreetart.com\/wp-content\/uploads\/2018\/08\/BBC-buenos-aires-street-art-buenosairesstreetart.com_-300x192-300x192.jpg\" alt=\"\" width=\"300\" height=\"192\" \/>[\/vc_column_text][\/vc_column_inner][vc_column_inner width=\u00bb1\/4&#8243;][vc_column_text]<\/p>\n<p><img loading=\"lazy\" decoding=\"async\" class=\"aligncenter wp-image-54223 size-full\" src=\"https:\/\/buenosairesstreetart.com\/wp-content\/uploads\/2018\/08\/buenos-aires.gif\" alt=\"\" width=\"150\" height=\"102\" \/>[\/vc_column_text][\/vc_column_inner][vc_column_inner width=\u00bb1\/4&#8243;][vc_column_text]<img loading=\"lazy\" decoding=\"async\" class=\"alignnone size-medium wp-image-56474 aligncenter\" src=\"https:\/\/buenosairesstreetart.com\/wp-content\/uploads\/2018\/08\/The-Guardian-buenos-aires-street-art-1-300x176-300x176.jpg\" alt=\"\" width=\"300\" height=\"176\" \/>[\/vc_column_text][\/vc_column_inner][vc_column_inner width=\u00bb1\/4&#8243;][vc_column_text]<img loading=\"lazy\" decoding=\"async\" class=\"aligncenter wp-image-56441 size-medium\" src=\"https:\/\/buenosairesstreetart.com\/wp-content\/uploads\/2018\/08\/Lonely-Planet-buenos-aires-argentina-murales-buenosairesstreetart.com_-300x152-300x152.png\" alt=\"\" width=\"300\" height=\"152\" \/>[\/vc_column_text][\/vc_column_inner][\/vc_row_inner][vc_row_inner][vc_column_inner width=\u00bb1\/4&#8243;][vc_column_text]<img loading=\"lazy\" decoding=\"async\" class=\"size-full wp-image-56434 aligncenter\" src=\"https:\/\/buenosairesstreetart.com\/wp-content\/uploads\/2018\/08\/al-jazeera-buenos-aires-street-art-buenosairesstreetart.com_.jpg\" alt=\"\" width=\"224\" height=\"138\" \/>[\/vc_column_text][\/vc_column_inner][vc_column_inner width=\u00bb1\/4&#8243;][vc_column_text]<\/p>\n<p><img loading=\"lazy\" decoding=\"async\" class=\"size-medium wp-image-56767 aligncenter\" src=\"https:\/\/buenosairesstreetart.com\/wp-content\/uploads\/2018\/08\/TV-Brasil-buenos-aires-street-art-buenosairesstreetart.com_.png-300x61-300x61.jpg\" alt=\"\" width=\"300\" height=\"61\" \/>[\/vc_column_text][\/vc_column_inner][vc_column_inner width=\u00bb1\/4&#8243;][vc_column_text]<img loading=\"lazy\" decoding=\"async\" class=\"alignnone size-full wp-image-56451 aligncenter\" src=\"https:\/\/buenosairesstreetart.com\/wp-content\/uploads\/2018\/08\/2df-logo-buenos-aires-street-art-buenosairesstreetart.com-001.jpg\" alt=\"\" width=\"227\" height=\"138\" \/>[\/vc_column_text][\/vc_column_inner][vc_column_inner width=\u00bb1\/4&#8243;][vc_column_text]<\/p>\n<p style=\"text-align: center;\"><img loading=\"lazy\" decoding=\"async\" class=\"alignnone wp-image-56435 size-medium\" src=\"https:\/\/buenosairesstreetart.com\/wp-content\/uploads\/2018\/08\/telegraph-logo-buenos-aires-graffiti-buenosairesstreetart.com_-300x79-300x79.png\" alt=\"\" width=\"300\" height=\"79\" \/><\/p>\n<p>[\/vc_column_text][\/vc_column_inner][\/vc_row_inner][vc_column_text]<\/p>\n<h6 style=\"text-align: center;\"><a href=\"https:\/\/buenosairesstreetart.com\/terms-conditions-tours\/\">Terms and Conditions<\/a><\/h6>\n<p>[\/vc_column_text][\/vc_column][\/vc_row]<\/p>\n","protected":false},"excerpt":{"rendered":"<p>[vc_row][vc_column width=\u00bb3\/6&#8243;][vc_column_text]Nuestros tours van a mostrarles el lado art\u00edstico de Buenos Aires y unos de los murales m\u00e1s grandes e&#8230;<\/p>\n","protected":false},"author":11,"featured_media":0,"parent":0,"menu_order":0,"comment_status":"closed","ping_status":"closed","template":"","meta":{"_themeisle_gutenberg_block_has_review":false,"footnotes":""},"class_list":["post-58239","page","type-page","status-publish","hentry"],"yoast_head":"<!-- This site is optimized with the Yoast SEO plugin v26.6 - https:\/\/yoast.com\/wordpress\/plugins\/seo\/ -->\n<title>Walking tours | Buenos Aires Street Art<\/title>\n<meta name=\"description\" content=\"Tours de graffiti desde 2010 mostrando unos de los mejores murales en Buenos Aires por artistas internacionales y locales con expertos de street art.\" \/>\n<meta name=\"robots\" content=\"index, follow, max-snippet:-1, max-image-preview:large, max-video-preview:-1\" \/>\n<link rel=\"canonical\" href=\"https:\/\/buenosairesstreetart.com\/es\/walking-tours\/\" \/>\n<meta property=\"og:locale\" content=\"es_ES\" \/>\n<meta property=\"og:type\" content=\"article\" \/>\n<meta property=\"og:title\" content=\"Walking tours | Buenos Aires Street Art\" \/>\n<meta property=\"og:description\" content=\"Tours de graffiti desde 2010 mostrando unos de los mejores murales en Buenos Aires por artistas internacionales y locales con expertos de street art.\" \/>\n<meta property=\"og:url\" content=\"https:\/\/buenosairesstreetart.com\/es\/walking-tours\/\" \/>\n<meta property=\"og:site_name\" content=\"Buenos Aires Street Art and Graffiti - BA Street Art\" \/>\n<meta property=\"article:publisher\" content=\"https:\/\/www.facebook.com\/buenosairesstreetart\" \/>\n<meta property=\"article:modified_time\" content=\"2024-10-20T16:42:29+00:00\" \/>\n<meta property=\"og:image\" content=\"https:\/\/buenosairesstreetart.com\/wp-content\/uploads\/2015\/03\/graffiti-tour-buenos-aires-BA-Street-Art.jpg\" \/>\n<meta name=\"twitter:card\" content=\"summary_large_image\" \/>\n<meta name=\"twitter:label1\" content=\"Tiempo de lectura\" \/>\n\t<meta name=\"twitter:data1\" content=\"4 minutos\" \/>\n<script type=\"application\/ld+json\" class=\"yoast-schema-graph\">{\"@context\":\"https:\/\/schema.org\",\"@graph\":[{\"@type\":\"WebPage\",\"@id\":\"https:\/\/buenosairesstreetart.com\/es\/walking-tours\/\",\"url\":\"https:\/\/buenosairesstreetart.com\/es\/walking-tours\/\",\"name\":\"Walking tours | Buenos Aires Street Art\",\"isPartOf\":{\"@id\":\"https:\/\/buenosairesstreetart.com\/#website\"},\"primaryImageOfPage\":{\"@id\":\"https:\/\/buenosairesstreetart.com\/es\/walking-tours\/#primaryimage\"},\"image\":{\"@id\":\"https:\/\/buenosairesstreetart.com\/es\/walking-tours\/#primaryimage\"},\"thumbnailUrl\":\"https:\/\/buenosairesstreetart.com\/wp-content\/uploads\/2015\/03\/graffiti-tour-buenos-aires-BA-Street-Art.jpg\",\"datePublished\":\"2018-08-14T18:29:54+00:00\",\"dateModified\":\"2024-10-20T16:42:29+00:00\",\"description\":\"Tours de graffiti desde 2010 mostrando unos de los mejores murales en Buenos Aires por artistas internacionales y locales con expertos de street art.\",\"breadcrumb\":{\"@id\":\"https:\/\/buenosairesstreetart.com\/es\/walking-tours\/#breadcrumb\"},\"inLanguage\":\"es\",\"potentialAction\":[{\"@type\":\"ReadAction\",\"target\":[\"https:\/\/buenosairesstreetart.com\/es\/walking-tours\/\"]}]},{\"@type\":\"ImageObject\",\"inLanguage\":\"es\",\"@id\":\"https:\/\/buenosairesstreetart.com\/es\/walking-tours\/#primaryimage\",\"url\":\"https:\/\/buenosairesstreetart.com\/wp-content\/uploads\/2015\/03\/graffiti-tour-buenos-aires-BA-Street-Art.jpg\",\"contentUrl\":\"https:\/\/buenosairesstreetart.com\/wp-content\/uploads\/2015\/03\/graffiti-tour-buenos-aires-BA-Street-Art.jpg\"},{\"@type\":\"BreadcrumbList\",\"@id\":\"https:\/\/buenosairesstreetart.com\/es\/walking-tours\/#breadcrumb\",\"itemListElement\":[{\"@type\":\"ListItem\",\"position\":1,\"name\":\"Home\",\"item\":\"https:\/\/buenosairesstreetart.com\/es\/\"},{\"@type\":\"ListItem\",\"position\":2,\"name\":\"Walking tours\"}]},{\"@type\":\"WebSite\",\"@id\":\"https:\/\/buenosairesstreetart.com\/#website\",\"url\":\"https:\/\/buenosairesstreetart.com\/\",\"name\":\"Buenos Aires Street Art and Graffiti - BA Street Art\",\"description\":\"Buenos Aires street art and graffiti tours\",\"publisher\":{\"@id\":\"https:\/\/buenosairesstreetart.com\/#organization\"},\"potentialAction\":[{\"@type\":\"SearchAction\",\"target\":{\"@type\":\"EntryPoint\",\"urlTemplate\":\"https:\/\/buenosairesstreetart.com\/?s={search_term_string}\"},\"query-input\":{\"@type\":\"PropertyValueSpecification\",\"valueRequired\":true,\"valueName\":\"search_term_string\"}}],\"inLanguage\":\"es\"},{\"@type\":\"Organization\",\"@id\":\"https:\/\/buenosairesstreetart.com\/#organization\",\"name\":\"Buenos Aires Street Art and Graffiti - BA Street Art\",\"url\":\"https:\/\/buenosairesstreetart.com\/\",\"logo\":{\"@type\":\"ImageObject\",\"inLanguage\":\"es\",\"@id\":\"https:\/\/buenosairesstreetart.com\/#\/schema\/logo\/image\/\",\"url\":\"https:\/\/buenosairesstreetart.com\/wp-content\/uploads\/2022\/10\/logo_main.jpg\",\"contentUrl\":\"https:\/\/buenosairesstreetart.com\/wp-content\/uploads\/2022\/10\/logo_main.jpg\",\"width\":305,\"height\":89,\"caption\":\"Buenos Aires Street Art and Graffiti - BA Street Art\"},\"image\":{\"@id\":\"https:\/\/buenosairesstreetart.com\/#\/schema\/logo\/image\/\"},\"sameAs\":[\"https:\/\/www.facebook.com\/buenosairesstreetart\"]}]}<\/script>\n<!-- \/ Yoast SEO plugin. -->","yoast_head_json":{"title":"Walking tours | Buenos Aires Street Art","description":"Tours de graffiti desde 2010 mostrando unos de los mejores murales en Buenos Aires por artistas internacionales y locales con expertos de street art.","robots":{"index":"index","follow":"follow","max-snippet":"max-snippet:-1","max-image-preview":"max-image-preview:large","max-video-preview":"max-video-preview:-1"},"canonical":"https:\/\/buenosairesstreetart.com\/es\/walking-tours\/","og_locale":"es_ES","og_type":"article","og_title":"Walking tours | Buenos Aires Street Art","og_description":"Tours de graffiti desde 2010 mostrando unos de los mejores murales en Buenos Aires por artistas internacionales y locales con expertos de street art.","og_url":"https:\/\/buenosairesstreetart.com\/es\/walking-tours\/","og_site_name":"Buenos Aires Street Art and Graffiti - BA Street Art","article_publisher":"https:\/\/www.facebook.com\/buenosairesstreetart","article_modified_time":"2024-10-20T16:42:29+00:00","og_image":[{"url":"https:\/\/buenosairesstreetart.com\/wp-content\/uploads\/2015\/03\/graffiti-tour-buenos-aires-BA-Street-Art.jpg","type":"","width":"","height":""}],"twitter_card":"summary_large_image","twitter_misc":{"Tiempo de lectura":"4 minutos"},"schema":{"@context":"https:\/\/schema.org","@graph":[{"@type":"WebPage","@id":"https:\/\/buenosairesstreetart.com\/es\/walking-tours\/","url":"https:\/\/buenosairesstreetart.com\/es\/walking-tours\/","name":"Walking tours | Buenos Aires Street Art","isPartOf":{"@id":"https:\/\/buenosairesstreetart.com\/#website"},"primaryImageOfPage":{"@id":"https:\/\/buenosairesstreetart.com\/es\/walking-tours\/#primaryimage"},"image":{"@id":"https:\/\/buenosairesstreetart.com\/es\/walking-tours\/#primaryimage"},"thumbnailUrl":"https:\/\/buenosairesstreetart.com\/wp-content\/uploads\/2015\/03\/graffiti-tour-buenos-aires-BA-Street-Art.jpg","datePublished":"2018-08-14T18:29:54+00:00","dateModified":"2024-10-20T16:42:29+00:00","description":"Tours de graffiti desde 2010 mostrando unos de los mejores murales en Buenos Aires por artistas internacionales y locales con expertos de street art.","breadcrumb":{"@id":"https:\/\/buenosairesstreetart.com\/es\/walking-tours\/#breadcrumb"},"inLanguage":"es","potentialAction":[{"@type":"ReadAction","target":["https:\/\/buenosairesstreetart.com\/es\/walking-tours\/"]}]},{"@type":"ImageObject","inLanguage":"es","@id":"https:\/\/buenosairesstreetart.com\/es\/walking-tours\/#primaryimage","url":"https:\/\/buenosairesstreetart.com\/wp-content\/uploads\/2015\/03\/graffiti-tour-buenos-aires-BA-Street-Art.jpg","contentUrl":"https:\/\/buenosairesstreetart.com\/wp-content\/uploads\/2015\/03\/graffiti-tour-buenos-aires-BA-Street-Art.jpg"},{"@type":"BreadcrumbList","@id":"https:\/\/buenosairesstreetart.com\/es\/walking-tours\/#breadcrumb","itemListElement":[{"@type":"ListItem","position":1,"name":"Home","item":"https:\/\/buenosairesstreetart.com\/es\/"},{"@type":"ListItem","position":2,"name":"Walking tours"}]},{"@type":"WebSite","@id":"https:\/\/buenosairesstreetart.com\/#website","url":"https:\/\/buenosairesstreetart.com\/","name":"Buenos Aires Street Art and Graffiti - BA Street Art","description":"Buenos Aires street art and graffiti tours","publisher":{"@id":"https:\/\/buenosairesstreetart.com\/#organization"},"potentialAction":[{"@type":"SearchAction","target":{"@type":"EntryPoint","urlTemplate":"https:\/\/buenosairesstreetart.com\/?s={search_term_string}"},"query-input":{"@type":"PropertyValueSpecification","valueRequired":true,"valueName":"search_term_string"}}],"inLanguage":"es"},{"@type":"Organization","@id":"https:\/\/buenosairesstreetart.com\/#organization","name":"Buenos Aires Street Art and Graffiti - BA Street Art","url":"https:\/\/buenosairesstreetart.com\/","logo":{"@type":"ImageObject","inLanguage":"es","@id":"https:\/\/buenosairesstreetart.com\/#\/schema\/logo\/image\/","url":"https:\/\/buenosairesstreetart.com\/wp-content\/uploads\/2022\/10\/logo_main.jpg","contentUrl":"https:\/\/buenosairesstreetart.com\/wp-content\/uploads\/2022\/10\/logo_main.jpg","width":305,"height":89,"caption":"Buenos Aires Street Art and Graffiti - BA Street Art"},"image":{"@id":"https:\/\/buenosairesstreetart.com\/#\/schema\/logo\/image\/"},"sameAs":["https:\/\/www.facebook.com\/buenosairesstreetart"]}]}},"_links":{"self":[{"href":"https:\/\/buenosairesstreetart.com\/es\/wp-json\/wp\/v2\/pages\/58239","targetHints":{"allow":["GET"]}}],"collection":[{"href":"https:\/\/buenosairesstreetart.com\/es\/wp-json\/wp\/v2\/pages"}],"about":[{"href":"https:\/\/buenosairesstreetart.com\/es\/wp-json\/wp\/v2\/types\/page"}],"author":[{"embeddable":true,"href":"https:\/\/buenosairesstreetart.com\/es\/wp-json\/wp\/v2\/users\/11"}],"replies":[{"embeddable":true,"href":"https:\/\/buenosairesstreetart.com\/es\/wp-json\/wp\/v2\/comments?post=58239"}],"version-history":[{"count":10,"href":"https:\/\/buenosairesstreetart.com\/es\/wp-json\/wp\/v2\/pages\/58239\/revisions"}],"predecessor-version":[{"id":68484,"href":"https:\/\/buenosairesstreetart.com\/es\/wp-json\/wp\/v2\/pages\/58239\/revisions\/68484"}],"wp:attachment":[{"href":"https:\/\/buenosairesstreetart.com\/es\/wp-json\/wp\/v2\/media?parent=58239"}],"curies":[{"name":"wp","href":"https:\/\/api.w.org\/{rel}","templated":true}]}}