{"id":58236,"date":"2018-08-14T16:13:17","date_gmt":"2018-08-14T19:13:17","guid":{"rendered":"https:\/\/buenosairesstreetart.com\/es\/press\/"},"modified":"2022-11-08T13:04:13","modified_gmt":"2022-11-08T16:04:13","slug":"press","status":"publish","type":"page","link":"https:\/\/buenosairesstreetart.com\/es\/press\/","title":{"rendered":"Prensa"},"content":{"rendered":"<p>[vc_row][vc_column][vc_column_text]Proyectos de murales, exposiciones y trabajo para promocionar la escena de street art en Buenos Aires han publicado en\u00a0la BBC, The Guardian, Telegraph, The Independent, Huffington Post, Al Jazeera, Telemundo, Elle Magazine, Time Out, Clar\u00edn y la tapa del diario La Naci\u00f3n. Prensa y promoci\u00f3n organizado por el fundador de\u00a0<em>Buenos Aires Street Art,<\/em>\u00a0Matt Fox-Tucker.[\/vc_column_text][\/vc_column][\/vc_row][vc_row][vc_column][vc_masonry_media_grid style=\u00bblazy\u00bb items_per_page=\u00bb45&#8243; element_width=\u00bb3&#8243; gap=\u00bb0&#8243; grid_id=\u00bbvc_gid:1664798827297-76827018-4bc2-8&#8243; include=\u00bb56895,56959,56897,56898,56899,56900,56903,56902,56904,56940,56905,56914,56906,56907,56908,56909,62248,56910,56911,56913,62240,56915,56916,56917,56918,56919,56920,56921,56922,56923,56924,56925,56926,56927,56928,56929,56930,56939,56931,61954,56932,56933,56934,62232,63075,56935,62229,62224,62226,56936&#8243; css=\u00bb.vc_custom_1664802385553{margin-right: 5px !important;}\u00bb][\/vc_column][\/vc_row]<\/p>\n","protected":false},"excerpt":{"rendered":"<p>[vc_row][vc_column][vc_column_text]Proyectos de murales, exposiciones y trabajo para promocionar la escena de street art en Buenos Aires han publicado en\u00a0la BBC,&#8230;<\/p>\n","protected":false},"author":11,"featured_media":0,"parent":0,"menu_order":0,"comment_status":"closed","ping_status":"closed","template":"","meta":{"_themeisle_gutenberg_block_has_review":false,"footnotes":""},"class_list":["post-58236","page","type-page","status-publish","hentry"],"yoast_head":"<!-- This site is optimized with the Yoast SEO plugin v26.6 - https:\/\/yoast.com\/wordpress\/plugins\/seo\/ -->\n<title>Prensa | Buenos Aires Street Art<\/title>\n<meta name=\"description\" content=\"Buenos Aires Street Art diarios Argentina prensa notas en La Naci\u00f3n y Clarin sobre graffiti y arte urbano incluyendo murales organizados y por Buenos Aires Street Art en la BBC, Guardian, Al Jazeera etc\" \/>\n<meta name=\"robots\" content=\"index, follow, max-snippet:-1, max-image-preview:large, max-video-preview:-1\" \/>\n<link rel=\"canonical\" href=\"https:\/\/buenosairesstreetart.com\/es\/press\/\" \/>\n<meta property=\"og:locale\" content=\"es_ES\" \/>\n<meta property=\"og:type\" content=\"article\" \/>\n<meta property=\"og:title\" content=\"Prensa | Buenos Aires Street Art\" \/>\n<meta property=\"og:description\" content=\"Buenos Aires Street Art diarios Argentina prensa notas en La Naci\u00f3n y Clarin sobre graffiti y arte urbano incluyendo murales organizados y por Buenos Aires Street Art en la BBC, Guardian, Al Jazeera etc\" \/>\n<meta property=\"og:url\" content=\"https:\/\/buenosairesstreetart.com\/es\/press\/\" \/>\n<meta property=\"og:site_name\" content=\"Buenos Aires Street Art and Graffiti - BA Street Art\" \/>\n<meta property=\"article:publisher\" content=\"https:\/\/www.facebook.com\/buenosairesstreetart\" \/>\n<meta property=\"article:modified_time\" content=\"2022-11-08T16:04:13+00:00\" \/>\n<meta name=\"twitter:card\" content=\"summary_large_image\" \/>\n<meta name=\"twitter:label1\" content=\"Tiempo de lectura\" \/>\n\t<meta name=\"twitter:data1\" content=\"1 minuto\" \/>\n<script type=\"application\/ld+json\" class=\"yoast-schema-graph\">{\"@context\":\"https:\/\/schema.org\",\"@graph\":[{\"@type\":\"WebPage\",\"@id\":\"https:\/\/buenosairesstreetart.com\/es\/press\/\",\"url\":\"https:\/\/buenosairesstreetart.com\/es\/press\/\",\"name\":\"Prensa | Buenos Aires Street Art\",\"isPartOf\":{\"@id\":\"https:\/\/buenosairesstreetart.com\/#website\"},\"datePublished\":\"2018-08-14T19:13:17+00:00\",\"dateModified\":\"2022-11-08T16:04:13+00:00\",\"description\":\"Buenos Aires Street Art diarios Argentina prensa notas en La Naci\u00f3n y Clarin sobre graffiti y arte urbano incluyendo murales organizados y por Buenos Aires Street Art en la BBC, Guardian, Al Jazeera etc\",\"breadcrumb\":{\"@id\":\"https:\/\/buenosairesstreetart.com\/es\/press\/#breadcrumb\"},\"inLanguage\":\"es\",\"potentialAction\":[{\"@type\":\"ReadAction\",\"target\":[\"https:\/\/buenosairesstreetart.com\/es\/press\/\"]}]},{\"@type\":\"BreadcrumbList\",\"@id\":\"https:\/\/buenosairesstreetart.com\/es\/press\/#breadcrumb\",\"itemListElement\":[{\"@type\":\"ListItem\",\"position\":1,\"name\":\"Home\",\"item\":\"https:\/\/buenosairesstreetart.com\/es\/\"},{\"@type\":\"ListItem\",\"position\":2,\"name\":\"Prensa\"}]},{\"@type\":\"WebSite\",\"@id\":\"https:\/\/buenosairesstreetart.com\/#website\",\"url\":\"https:\/\/buenosairesstreetart.com\/\",\"name\":\"Buenos Aires Street Art and Graffiti - BA Street Art\",\"description\":\"Buenos Aires street art and graffiti tours\",\"publisher\":{\"@id\":\"https:\/\/buenosairesstreetart.com\/#organization\"},\"potentialAction\":[{\"@type\":\"SearchAction\",\"target\":{\"@type\":\"EntryPoint\",\"urlTemplate\":\"https:\/\/buenosairesstreetart.com\/?s={search_term_string}\"},\"query-input\":{\"@type\":\"PropertyValueSpecification\",\"valueRequired\":true,\"valueName\":\"search_term_string\"}}],\"inLanguage\":\"es\"},{\"@type\":\"Organization\",\"@id\":\"https:\/\/buenosairesstreetart.com\/#organization\",\"name\":\"Buenos Aires Street Art and Graffiti - BA Street Art\",\"url\":\"https:\/\/buenosairesstreetart.com\/\",\"logo\":{\"@type\":\"ImageObject\",\"inLanguage\":\"es\",\"@id\":\"https:\/\/buenosairesstreetart.com\/#\/schema\/logo\/image\/\",\"url\":\"https:\/\/buenosairesstreetart.com\/wp-content\/uploads\/2022\/10\/logo_main.jpg\",\"contentUrl\":\"https:\/\/buenosairesstreetart.com\/wp-content\/uploads\/2022\/10\/logo_main.jpg\",\"width\":305,\"height\":89,\"caption\":\"Buenos Aires Street Art and Graffiti - BA Street Art\"},\"image\":{\"@id\":\"https:\/\/buenosairesstreetart.com\/#\/schema\/logo\/image\/\"},\"sameAs\":[\"https:\/\/www.facebook.com\/buenosairesstreetart\"]}]}<\/script>\n<!-- \/ Yoast SEO plugin. -->","yoast_head_json":{"title":"Prensa | Buenos Aires Street Art","description":"Buenos Aires Street Art diarios Argentina prensa notas en La Naci\u00f3n y Clarin sobre graffiti y arte urbano incluyendo murales organizados y por Buenos Aires Street Art en la BBC, Guardian, Al Jazeera etc","robots":{"index":"index","follow":"follow","max-snippet":"max-snippet:-1","max-image-preview":"max-image-preview:large","max-video-preview":"max-video-preview:-1"},"canonical":"https:\/\/buenosairesstreetart.com\/es\/press\/","og_locale":"es_ES","og_type":"article","og_title":"Prensa | Buenos Aires Street Art","og_description":"Buenos Aires Street Art diarios Argentina prensa notas en La Naci\u00f3n y Clarin sobre graffiti y arte urbano incluyendo murales organizados y por Buenos Aires Street Art en la BBC, Guardian, Al Jazeera etc","og_url":"https:\/\/buenosairesstreetart.com\/es\/press\/","og_site_name":"Buenos Aires Street Art and Graffiti - BA Street Art","article_publisher":"https:\/\/www.facebook.com\/buenosairesstreetart","article_modified_time":"2022-11-08T16:04:13+00:00","twitter_card":"summary_large_image","twitter_misc":{"Tiempo de lectura":"1 minuto"},"schema":{"@context":"https:\/\/schema.org","@graph":[{"@type":"WebPage","@id":"https:\/\/buenosairesstreetart.com\/es\/press\/","url":"https:\/\/buenosairesstreetart.com\/es\/press\/","name":"Prensa | Buenos Aires Street Art","isPartOf":{"@id":"https:\/\/buenosairesstreetart.com\/#website"},"datePublished":"2018-08-14T19:13:17+00:00","dateModified":"2022-11-08T16:04:13+00:00","description":"Buenos Aires Street Art diarios Argentina prensa notas en La Naci\u00f3n y Clarin sobre graffiti y arte urbano incluyendo murales organizados y por Buenos Aires Street Art en la BBC, Guardian, Al Jazeera etc","breadcrumb":{"@id":"https:\/\/buenosairesstreetart.com\/es\/press\/#breadcrumb"},"inLanguage":"es","potentialAction":[{"@type":"ReadAction","target":["https:\/\/buenosairesstreetart.com\/es\/press\/"]}]},{"@type":"BreadcrumbList","@id":"https:\/\/buenosairesstreetart.com\/es\/press\/#breadcrumb","itemListElement":[{"@type":"ListItem","position":1,"name":"Home","item":"https:\/\/buenosairesstreetart.com\/es\/"},{"@type":"ListItem","position":2,"name":"Prensa"}]},{"@type":"WebSite","@id":"https:\/\/buenosairesstreetart.com\/#website","url":"https:\/\/buenosairesstreetart.com\/","name":"Buenos Aires Street Art and Graffiti - BA Street Art","description":"Buenos Aires street art and graffiti tours","publisher":{"@id":"https:\/\/buenosairesstreetart.com\/#organization"},"potentialAction":[{"@type":"SearchAction","target":{"@type":"EntryPoint","urlTemplate":"https:\/\/buenosairesstreetart.com\/?s={search_term_string}"},"query-input":{"@type":"PropertyValueSpecification","valueRequired":true,"valueName":"search_term_string"}}],"inLanguage":"es"},{"@type":"Organization","@id":"https:\/\/buenosairesstreetart.com\/#organization","name":"Buenos Aires Street Art and Graffiti - BA Street Art","url":"https:\/\/buenosairesstreetart.com\/","logo":{"@type":"ImageObject","inLanguage":"es","@id":"https:\/\/buenosairesstreetart.com\/#\/schema\/logo\/image\/","url":"https:\/\/buenosairesstreetart.com\/wp-content\/uploads\/2022\/10\/logo_main.jpg","contentUrl":"https:\/\/buenosairesstreetart.com\/wp-content\/uploads\/2022\/10\/logo_main.jpg","width":305,"height":89,"caption":"Buenos Aires Street Art and Graffiti - BA Street Art"},"image":{"@id":"https:\/\/buenosairesstreetart.com\/#\/schema\/logo\/image\/"},"sameAs":["https:\/\/www.facebook.com\/buenosairesstreetart"]}]}},"_links":{"self":[{"href":"https:\/\/buenosairesstreetart.com\/es\/wp-json\/wp\/v2\/pages\/58236","targetHints":{"allow":["GET"]}}],"collection":[{"href":"https:\/\/buenosairesstreetart.com\/es\/wp-json\/wp\/v2\/pages"}],"about":[{"href":"https:\/\/buenosairesstreetart.com\/es\/wp-json\/wp\/v2\/types\/page"}],"author":[{"embeddable":true,"href":"https:\/\/buenosairesstreetart.com\/es\/wp-json\/wp\/v2\/users\/11"}],"replies":[{"embeddable":true,"href":"https:\/\/buenosairesstreetart.com\/es\/wp-json\/wp\/v2\/comments?post=58236"}],"version-history":[{"count":3,"href":"https:\/\/buenosairesstreetart.com\/es\/wp-json\/wp\/v2\/pages\/58236\/revisions"}],"predecessor-version":[{"id":63532,"href":"https:\/\/buenosairesstreetart.com\/es\/wp-json\/wp\/v2\/pages\/58236\/revisions\/63532"}],"wp:attachment":[{"href":"https:\/\/buenosairesstreetart.com\/es\/wp-json\/wp\/v2\/media?parent=58236"}],"curies":[{"name":"wp","href":"https:\/\/api.w.org\/{rel}","templated":true}]}}