{"id":18626,"date":"2013-12-17T18:37:27","date_gmt":"2013-12-17T21:37:27","guid":{"rendered":"http:\/\/basa\/?page_id=18626"},"modified":"2022-08-24T10:01:33","modified_gmt":"2022-08-24T13:01:33","slug":"private-tours","status":"publish","type":"page","link":"https:\/\/buenosairesstreetart.com\/es\/private-tours\/","title":{"rendered":"Tours privados"},"content":{"rendered":"<p>[vc_row][vc_column][vc_column_text]<span style=\"color: #000000;\"><img loading=\"lazy\" decoding=\"async\" class=\"alignnone wp-image-56249 size-full\" src=\"https:\/\/buenosairesstreetart.com\/wp-content\/uploads\/2018\/08\/2-Large.jpg\" alt=\"murales buenos aires proyecto organizado por BA Street Art buenosairesstreetart.com\" width=\"1920\" height=\"580\" \/><\/span><\/p>\n<p><strong>MURALES M\u00c1S GRANDES<\/strong><\/p>\n<p>Ofrecemos los tours privados normalmente con una duraci\u00f3n de aproximadamente 2 horas y 45 minutos a pie o en un rem\u00eds o minibus con chofer y gu\u00eda experto. El servicio en auto o minibus incluye buscar y llevar los pasajeros de su hotel o de d\u00f3nde quieren empezar el tour en la Ciudad de Buenos Aires. El recorrido de cada tour est\u00e1 planificado en forma individual para incluir la mejor selecci\u00f3n de murales en el tiempo disponible.<\/p>\n<p><img loading=\"lazy\" decoding=\"async\" class=\"alignnone wp-image-56584\" src=\"https:\/\/buenosairesstreetart.com\/wp-content\/uploads\/2018\/08\/IMG_2312.jpg\" alt=\"mural frida kahlo palermo graffiti tour argentina campos jesses\" width=\"1700\" height=\"576\" \/><\/p>\n<p><strong>MURALES ICONICOS<\/strong><\/p>\n<p>Los precios pueden cambiar y dependen en la cantidad de personas en el grupo, o si desean un tour en auto o minibus. Contactanos por si tienen alguna necesidad especifica (foco del tour en una zona de la ciudad, murales grandes, propaganda pol\u00edtica o graffiti tradicional etc) y vamos a intentar de organizar el tour que quieren. Tambi\u00e9n incluidos en muchos de nuestros tours hay varios murales que fueron organizados y patrocinados por <em>Buenos Aires Street Art<\/em>.<\/p>\n<p>&nbsp;<\/p>\n<p><a href=\"https:\/\/buenosairesstreetart.com\/wp-content\/uploads\/2022\/08\/maradona-tour-buenos-aires-argentina-murals-street-art-graffiti-argentina-street-art.jpg\"><img loading=\"lazy\" decoding=\"async\" class=\"aligncenter size-full wp-image-62780\" src=\"https:\/\/buenosairesstreetart.com\/wp-content\/uploads\/2022\/08\/maradona-tour-buenos-aires-argentina-murals-street-art-graffiti-argentina-street-art.jpg\" alt=\"\" width=\"1440\" height=\"447\" srcset=\"https:\/\/buenosairesstreetart.com\/wp-content\/uploads\/2022\/08\/maradona-tour-buenos-aires-argentina-murals-street-art-graffiti-argentina-street-art.jpg 1440w, https:\/\/buenosairesstreetart.com\/wp-content\/uploads\/2022\/08\/maradona-tour-buenos-aires-argentina-murals-street-art-graffiti-argentina-street-art-300x93.jpg 300w, https:\/\/buenosairesstreetart.com\/wp-content\/uploads\/2022\/08\/maradona-tour-buenos-aires-argentina-murals-street-art-graffiti-argentina-street-art-700x217.jpg 700w, https:\/\/buenosairesstreetart.com\/wp-content\/uploads\/2022\/08\/maradona-tour-buenos-aires-argentina-murals-street-art-graffiti-argentina-street-art-768x238.jpg 768w, https:\/\/buenosairesstreetart.com\/wp-content\/uploads\/2022\/08\/maradona-tour-buenos-aires-argentina-murals-street-art-graffiti-argentina-street-art-347x108.jpg 347w\" sizes=\"auto, (max-width: 1440px) 100vw, 1440px\" \/><\/a><\/p>\n<p><strong>MARADONA TOUR<\/strong><\/p>\n<p>Debido a la demanda popular, estamos ofreciendo un tour privado en auto \/ minib\u00fas que incluye los mejores murales de la ciudad con Diego Maradona y visitando algunos de los lugares donde el astro vivi\u00f3 y creci\u00f3. Tras la muerte de Maradona en noviembre de 2020, Argentina estaba de luto y varios artistas callejeros han pintado algunas obras de arte nuevas e impresionantes en homenaje al icono del f\u00fatbol. P\u00f3ngase en contacto para obtener m\u00e1s informaci\u00f3n sobre este tour.<\/p>\n<p><strong><img loading=\"lazy\" decoding=\"async\" class=\"alignnone wp-image-56250 size-full\" src=\"https:\/\/buenosairesstreetart.com\/wp-content\/uploads\/2018\/08\/3-Large.jpg\" alt=\"buenos aires arte callejero buenosairestreetart.com\" width=\"1920\" height=\"582\" \/><\/strong><\/p>\n<p><strong><span style=\"color: #000000;\">TOURS PRIVADOS CON UNIVERSIDADES, ESCUELAS Y COLEGIOS<\/span><\/strong><\/p>\n<p>Organizamos los tours privados para instituciones acad\u00e9micas como Harvard University y New York University, y tambi\u00e9n con escuelas de idiomas, organizaciones de voluntarios y colegios. Hay descuentos para estudiantes y grupos largos. Las tarifas dependen en la cantidad de personas en el grupo y si es un tour privado a pie o en un auto o minibus.<\/p>\n<p>Para contactarnos por favor usan el formulario abajo y incluir sus datos de contacto (email y numero de celular), fecha y hora del tour deseada, y direcci\u00f3n y el tipo del tour que quieren reservar. Todas las reservas de tours privados dependen en la disponibilidad de un gu\u00eda y transporte.[\/vc_column_text][\/vc_column][\/vc_row][vc_row][vc_column]\n<div class=\"wpcf7 no-js\" id=\"wpcf7-f18639-o1\" lang=\"en-US\" dir=\"ltr\" data-wpcf7-id=\"18639\">\n<div class=\"screen-reader-response\"><p role=\"status\" aria-live=\"polite\" aria-atomic=\"true\"><\/p> <ul><\/ul><\/div>\n<form action=\"\/es\/wp-json\/wp\/v2\/pages\/18626#wpcf7-f18639-o1\" method=\"post\" class=\"wpcf7-form init\" aria-label=\"Contact form\" novalidate=\"novalidate\" data-status=\"init\">\n<fieldset class=\"hidden-fields-container\"><input type=\"hidden\" name=\"_wpcf7\" value=\"18639\" \/><input type=\"hidden\" name=\"_wpcf7_version\" value=\"6.1.4\" \/><input type=\"hidden\" name=\"_wpcf7_locale\" value=\"en_US\" \/><input type=\"hidden\" name=\"_wpcf7_unit_tag\" value=\"wpcf7-f18639-o1\" \/><input type=\"hidden\" name=\"_wpcf7_container_post\" value=\"0\" \/><input type=\"hidden\" name=\"_wpcf7_posted_data_hash\" value=\"\" \/>\n<\/fieldset>\n<p>Your Name (required)\n<\/p>\n<p><span class=\"wpcf7-form-control-wrap\" data-name=\"your-name\"><input size=\"40\" maxlength=\"400\" class=\"wpcf7-form-control wpcf7-text wpcf7-validates-as-required\" aria-required=\"true\" aria-invalid=\"false\" value=\"\" type=\"text\" name=\"your-name\" \/><\/span>\n<\/p>\n<p>Number of people (required)<br \/>\n<span class=\"wpcf7-form-control-wrap\" data-name=\"no-people\"><input class=\"wpcf7-form-control wpcf7-number wpcf7-validates-as-number\" min=\"1\" aria-invalid=\"false\" value=\"\" type=\"number\" name=\"no-people\" \/><\/span>\n<\/p>\n<p>Your Email (required)\n<\/p>\n<p><span class=\"wpcf7-form-control-wrap\" data-name=\"your-email\"><input size=\"40\" maxlength=\"400\" class=\"wpcf7-form-control wpcf7-email wpcf7-validates-as-required wpcf7-text wpcf7-validates-as-email\" aria-required=\"true\" aria-invalid=\"false\" value=\"\" type=\"email\" name=\"your-email\" \/><\/span>\n<\/p>\n<p>Confirm Email (required)\n<\/p>\n<p><span class=\"wpcf7-form-control-wrap\" data-name=\"email-852\"><input size=\"40\" maxlength=\"400\" class=\"wpcf7-form-control wpcf7-email wpcf7-validates-as-required wpcf7-text wpcf7-validates-as-email\" aria-required=\"true\" aria-invalid=\"false\" value=\"\" type=\"email\" name=\"email-852\" \/><\/span>\n<\/p>\n<p>Your Telephone\n<\/p>\n<p><span class=\"wpcf7-form-control-wrap\" data-name=\"telephone\"><input size=\"40\" maxlength=\"400\" class=\"wpcf7-form-control wpcf7-tel wpcf7-text wpcf7-validates-as-tel\" aria-invalid=\"false\" value=\"\" type=\"tel\" name=\"telephone\" \/><\/span>\n<\/p>\n<p>Your Message (required)\n<\/p>\n<p><span class=\"wpcf7-form-control-wrap\" data-name=\"your-message\"><textarea cols=\"40\" rows=\"10\" maxlength=\"2000\" class=\"wpcf7-form-control wpcf7-textarea wpcf7-validates-as-required\" aria-required=\"true\" aria-invalid=\"false\" name=\"your-message\"><\/textarea><\/span>\n<\/p>\n<p><input class=\"wpcf7-form-control wpcf7-submit has-spinner\" type=\"submit\" value=\"Send\" \/>\n<\/p>\n<p><span id=\"wpcf7-69e8abb3f1068-wrapper\" class=\"wpcf7-form-control-wrap honeypot-25-wrap\" style=\"display:none !important; visibility:hidden !important;\"><label for=\"wpcf7-69e8abb3f1068-field\" class=\"hp-message\">Please leave this field empty.<\/label><input id=\"wpcf7-69e8abb3f1068-field\"  class=\"wpcf7-form-control wpcf7-text\" type=\"text\" name=\"honeypot-25\" value=\"\" size=\"40\" tabindex=\"-1\" autocomplete=\"new-password\" \/><\/span>\n<\/p><div class=\"wpcf7-response-output\" aria-hidden=\"true\"><\/div>\n<\/form>\n<\/div>\n[\/vc_column][\/vc_row]<\/p>\n","protected":false},"excerpt":{"rendered":"<p>[vc_row][vc_column][vc_column_text] MURALES M\u00c1S GRANDES Ofrecemos los tours privados normalmente con una duraci\u00f3n de aproximadamente 2 horas y 45 minutos a&#8230;<\/p>\n","protected":false},"author":15,"featured_media":0,"parent":0,"menu_order":0,"comment_status":"closed","ping_status":"closed","template":"","meta":{"_themeisle_gutenberg_block_has_review":false,"footnotes":""},"class_list":["post-18626","page","type-page","status-publish","hentry"],"yoast_head":"<!-- This site is optimized with the Yoast SEO plugin v26.6 - https:\/\/yoast.com\/wordpress\/plugins\/seo\/ -->\n<title>Private Street Art &amp; Graffiti Tours Buenos Aires<\/title>\n<meta name=\"description\" content=\"Private graffiti tours in Buenos Aires in car or minibus &amp; walking visiting the best &amp; biggest murals in the city with the street art experts\" \/>\n<meta name=\"robots\" content=\"index, follow, max-snippet:-1, max-image-preview:large, max-video-preview:-1\" \/>\n<link rel=\"canonical\" href=\"https:\/\/buenosairesstreetart.com\/es\/private-tours\/\" \/>\n<meta property=\"og:locale\" content=\"es_ES\" \/>\n<meta property=\"og:type\" content=\"article\" \/>\n<meta property=\"og:title\" content=\"Private Street Art &amp; Graffiti Tours Buenos Aires\" \/>\n<meta property=\"og:description\" content=\"Private graffiti tours in Buenos Aires in car or minibus &amp; walking visiting the best &amp; biggest murals in the city with the street art experts\" \/>\n<meta property=\"og:url\" content=\"https:\/\/buenosairesstreetart.com\/es\/private-tours\/\" \/>\n<meta property=\"og:site_name\" content=\"Buenos Aires Street Art and Graffiti - BA Street Art\" \/>\n<meta property=\"article:publisher\" content=\"https:\/\/www.facebook.com\/buenosairesstreetart\" \/>\n<meta property=\"article:modified_time\" content=\"2022-08-24T13:01:33+00:00\" \/>\n<meta property=\"og:image\" content=\"https:\/\/buenosairesstreetart.com\/wp-content\/uploads\/2018\/08\/2-Large.jpg\" \/>\n<meta name=\"twitter:card\" content=\"summary_large_image\" \/>\n<meta name=\"twitter:label1\" content=\"Tiempo de lectura\" \/>\n\t<meta name=\"twitter:data1\" content=\"3 minutos\" \/>\n<script type=\"application\/ld+json\" class=\"yoast-schema-graph\">{\"@context\":\"https:\/\/schema.org\",\"@graph\":[{\"@type\":\"WebPage\",\"@id\":\"https:\/\/buenosairesstreetart.com\/es\/private-tours\/\",\"url\":\"https:\/\/buenosairesstreetart.com\/es\/private-tours\/\",\"name\":\"Private Street Art & Graffiti Tours Buenos Aires\",\"isPartOf\":{\"@id\":\"https:\/\/buenosairesstreetart.com\/#website\"},\"primaryImageOfPage\":{\"@id\":\"https:\/\/buenosairesstreetart.com\/es\/private-tours\/#primaryimage\"},\"image\":{\"@id\":\"https:\/\/buenosairesstreetart.com\/es\/private-tours\/#primaryimage\"},\"thumbnailUrl\":\"https:\/\/buenosairesstreetart.com\/wp-content\/uploads\/2018\/08\/2-Large.jpg\",\"datePublished\":\"2013-12-17T21:37:27+00:00\",\"dateModified\":\"2022-08-24T13:01:33+00:00\",\"description\":\"Private graffiti tours in Buenos Aires in car or minibus & walking visiting the best & biggest murals in the city with the street art experts\",\"breadcrumb\":{\"@id\":\"https:\/\/buenosairesstreetart.com\/es\/private-tours\/#breadcrumb\"},\"inLanguage\":\"es\",\"potentialAction\":[{\"@type\":\"ReadAction\",\"target\":[\"https:\/\/buenosairesstreetart.com\/es\/private-tours\/\"]}]},{\"@type\":\"ImageObject\",\"inLanguage\":\"es\",\"@id\":\"https:\/\/buenosairesstreetart.com\/es\/private-tours\/#primaryimage\",\"url\":\"https:\/\/buenosairesstreetart.com\/wp-content\/uploads\/2018\/08\/2-Large.jpg\",\"contentUrl\":\"https:\/\/buenosairesstreetart.com\/wp-content\/uploads\/2018\/08\/2-Large.jpg\"},{\"@type\":\"BreadcrumbList\",\"@id\":\"https:\/\/buenosairesstreetart.com\/es\/private-tours\/#breadcrumb\",\"itemListElement\":[{\"@type\":\"ListItem\",\"position\":1,\"name\":\"Home\",\"item\":\"https:\/\/buenosairesstreetart.com\/es\/\"},{\"@type\":\"ListItem\",\"position\":2,\"name\":\"Tours privados\"}]},{\"@type\":\"WebSite\",\"@id\":\"https:\/\/buenosairesstreetart.com\/#website\",\"url\":\"https:\/\/buenosairesstreetart.com\/\",\"name\":\"Buenos Aires Street Art and Graffiti - BA Street Art\",\"description\":\"Buenos Aires street art and graffiti tours\",\"publisher\":{\"@id\":\"https:\/\/buenosairesstreetart.com\/#organization\"},\"potentialAction\":[{\"@type\":\"SearchAction\",\"target\":{\"@type\":\"EntryPoint\",\"urlTemplate\":\"https:\/\/buenosairesstreetart.com\/?s={search_term_string}\"},\"query-input\":{\"@type\":\"PropertyValueSpecification\",\"valueRequired\":true,\"valueName\":\"search_term_string\"}}],\"inLanguage\":\"es\"},{\"@type\":\"Organization\",\"@id\":\"https:\/\/buenosairesstreetart.com\/#organization\",\"name\":\"Buenos Aires Street Art and Graffiti - BA Street Art\",\"url\":\"https:\/\/buenosairesstreetart.com\/\",\"logo\":{\"@type\":\"ImageObject\",\"inLanguage\":\"es\",\"@id\":\"https:\/\/buenosairesstreetart.com\/#\/schema\/logo\/image\/\",\"url\":\"https:\/\/buenosairesstreetart.com\/wp-content\/uploads\/2022\/10\/logo_main.jpg\",\"contentUrl\":\"https:\/\/buenosairesstreetart.com\/wp-content\/uploads\/2022\/10\/logo_main.jpg\",\"width\":305,\"height\":89,\"caption\":\"Buenos Aires Street Art and Graffiti - BA Street Art\"},\"image\":{\"@id\":\"https:\/\/buenosairesstreetart.com\/#\/schema\/logo\/image\/\"},\"sameAs\":[\"https:\/\/www.facebook.com\/buenosairesstreetart\"]}]}<\/script>\n<!-- \/ Yoast SEO plugin. -->","yoast_head_json":{"title":"Private Street Art & Graffiti Tours Buenos Aires","description":"Private graffiti tours in Buenos Aires in car or minibus & walking visiting the best & biggest murals in the city with the street art experts","robots":{"index":"index","follow":"follow","max-snippet":"max-snippet:-1","max-image-preview":"max-image-preview:large","max-video-preview":"max-video-preview:-1"},"canonical":"https:\/\/buenosairesstreetart.com\/es\/private-tours\/","og_locale":"es_ES","og_type":"article","og_title":"Private Street Art & Graffiti Tours Buenos Aires","og_description":"Private graffiti tours in Buenos Aires in car or minibus & walking visiting the best & biggest murals in the city with the street art experts","og_url":"https:\/\/buenosairesstreetart.com\/es\/private-tours\/","og_site_name":"Buenos Aires Street Art and Graffiti - BA Street Art","article_publisher":"https:\/\/www.facebook.com\/buenosairesstreetart","article_modified_time":"2022-08-24T13:01:33+00:00","og_image":[{"url":"https:\/\/buenosairesstreetart.com\/wp-content\/uploads\/2018\/08\/2-Large.jpg","type":"","width":"","height":""}],"twitter_card":"summary_large_image","twitter_misc":{"Tiempo de lectura":"3 minutos"},"schema":{"@context":"https:\/\/schema.org","@graph":[{"@type":"WebPage","@id":"https:\/\/buenosairesstreetart.com\/es\/private-tours\/","url":"https:\/\/buenosairesstreetart.com\/es\/private-tours\/","name":"Private Street Art & Graffiti Tours Buenos Aires","isPartOf":{"@id":"https:\/\/buenosairesstreetart.com\/#website"},"primaryImageOfPage":{"@id":"https:\/\/buenosairesstreetart.com\/es\/private-tours\/#primaryimage"},"image":{"@id":"https:\/\/buenosairesstreetart.com\/es\/private-tours\/#primaryimage"},"thumbnailUrl":"https:\/\/buenosairesstreetart.com\/wp-content\/uploads\/2018\/08\/2-Large.jpg","datePublished":"2013-12-17T21:37:27+00:00","dateModified":"2022-08-24T13:01:33+00:00","description":"Private graffiti tours in Buenos Aires in car or minibus & walking visiting the best & biggest murals in the city with the street art experts","breadcrumb":{"@id":"https:\/\/buenosairesstreetart.com\/es\/private-tours\/#breadcrumb"},"inLanguage":"es","potentialAction":[{"@type":"ReadAction","target":["https:\/\/buenosairesstreetart.com\/es\/private-tours\/"]}]},{"@type":"ImageObject","inLanguage":"es","@id":"https:\/\/buenosairesstreetart.com\/es\/private-tours\/#primaryimage","url":"https:\/\/buenosairesstreetart.com\/wp-content\/uploads\/2018\/08\/2-Large.jpg","contentUrl":"https:\/\/buenosairesstreetart.com\/wp-content\/uploads\/2018\/08\/2-Large.jpg"},{"@type":"BreadcrumbList","@id":"https:\/\/buenosairesstreetart.com\/es\/private-tours\/#breadcrumb","itemListElement":[{"@type":"ListItem","position":1,"name":"Home","item":"https:\/\/buenosairesstreetart.com\/es\/"},{"@type":"ListItem","position":2,"name":"Tours privados"}]},{"@type":"WebSite","@id":"https:\/\/buenosairesstreetart.com\/#website","url":"https:\/\/buenosairesstreetart.com\/","name":"Buenos Aires Street Art and Graffiti - BA Street Art","description":"Buenos Aires street art and graffiti tours","publisher":{"@id":"https:\/\/buenosairesstreetart.com\/#organization"},"potentialAction":[{"@type":"SearchAction","target":{"@type":"EntryPoint","urlTemplate":"https:\/\/buenosairesstreetart.com\/?s={search_term_string}"},"query-input":{"@type":"PropertyValueSpecification","valueRequired":true,"valueName":"search_term_string"}}],"inLanguage":"es"},{"@type":"Organization","@id":"https:\/\/buenosairesstreetart.com\/#organization","name":"Buenos Aires Street Art and Graffiti - BA Street Art","url":"https:\/\/buenosairesstreetart.com\/","logo":{"@type":"ImageObject","inLanguage":"es","@id":"https:\/\/buenosairesstreetart.com\/#\/schema\/logo\/image\/","url":"https:\/\/buenosairesstreetart.com\/wp-content\/uploads\/2022\/10\/logo_main.jpg","contentUrl":"https:\/\/buenosairesstreetart.com\/wp-content\/uploads\/2022\/10\/logo_main.jpg","width":305,"height":89,"caption":"Buenos Aires Street Art and Graffiti - BA Street Art"},"image":{"@id":"https:\/\/buenosairesstreetart.com\/#\/schema\/logo\/image\/"},"sameAs":["https:\/\/www.facebook.com\/buenosairesstreetart"]}]}},"_links":{"self":[{"href":"https:\/\/buenosairesstreetart.com\/es\/wp-json\/wp\/v2\/pages\/18626","targetHints":{"allow":["GET"]}}],"collection":[{"href":"https:\/\/buenosairesstreetart.com\/es\/wp-json\/wp\/v2\/pages"}],"about":[{"href":"https:\/\/buenosairesstreetart.com\/es\/wp-json\/wp\/v2\/types\/page"}],"author":[{"embeddable":true,"href":"https:\/\/buenosairesstreetart.com\/es\/wp-json\/wp\/v2\/users\/15"}],"replies":[{"embeddable":true,"href":"https:\/\/buenosairesstreetart.com\/es\/wp-json\/wp\/v2\/comments?post=18626"}],"version-history":[{"count":0,"href":"https:\/\/buenosairesstreetart.com\/es\/wp-json\/wp\/v2\/pages\/18626\/revisions"}],"wp:attachment":[{"href":"https:\/\/buenosairesstreetart.com\/es\/wp-json\/wp\/v2\/media?parent=18626"}],"curies":[{"name":"wp","href":"https:\/\/api.w.org\/{rel}","templated":true}]}}