{"id":10445,"date":"2011-12-06T20:40:30","date_gmt":"2011-12-06T23:40:30","guid":{"rendered":"http:\/\/basa\/?page_id=10445"},"modified":"2021-12-10T19:19:14","modified_gmt":"2021-12-10T22:19:14","slug":"libros","status":"publish","type":"page","link":"https:\/\/buenosairesstreetart.com\/es\/libros\/","title":{"rendered":"Libros"},"content":{"rendered":"<p>[vc_row][vc_column][vc_column_text]Algunos de los murales que est\u00e1n publicados en nuestro blog y en esta pagina web tambi\u00e9n est\u00e1n en nuestro libro <em>Textura Dos: Buenos Aires Street Art<\/em>.<br \/>\nEl libro fue publicado en 2010 y es el primer libro sobre la escena de street art y graffiti en Buenos Aires.<\/p>\n<p><em>Textura Dos: Buenos Aires Street Art<\/em><br \/>\nPor Matt Fox-Tucker y Guilherme Zauith<br \/>\nMark Batty Publisher, New York<br \/>\nBilingual (textos in ingl\u00e9s y espa\u00f1ol)<br \/>\nPaginas 160<br \/>\nISBN: 978-1-9356130-3-9<\/p>\n<h3>Textura Dos en los medios<\/h3>\n<p>[\/vc_column_text][\/vc_column][\/vc_row][vc_row][vc_column][vc_masonry_media_grid element_width=\u00bb6&#8243; grid_id=\u00bbvc_gid:1639196354819-ca4a87e1f3c740d44d431f40c3836171-4&#8243; include=\u00bb56658,56659,56660,56661,56662&#8243;][\/vc_column][\/vc_row]<\/p>\n","protected":false},"excerpt":{"rendered":"<p>[vc_row][vc_column][vc_column_text]Algunos de los murales que est\u00e1n publicados en nuestro blog y en esta pagina web tambi\u00e9n est\u00e1n en nuestro libro&#8230;<\/p>\n","protected":false},"author":15,"featured_media":730,"parent":0,"menu_order":0,"comment_status":"closed","ping_status":"closed","template":"","meta":{"_themeisle_gutenberg_block_has_review":false,"footnotes":""},"class_list":["post-10445","page","type-page","status-publish","has-post-thumbnail","hentry"],"yoast_head":"<!-- This site is optimized with the Yoast SEO plugin v26.6 - https:\/\/yoast.com\/wordpress\/plugins\/seo\/ -->\n<title>Libros | BA Street Art<\/title>\n<meta name=\"description\" content=\"Buenos Aires Street Art public\u00f3 el primer libro sobe la escena de arte urbano y graffiti en la capital argentina en 2010 con fotos de murales en la ciudad\" \/>\n<meta name=\"robots\" content=\"index, follow, max-snippet:-1, max-image-preview:large, max-video-preview:-1\" \/>\n<link rel=\"canonical\" href=\"https:\/\/buenosairesstreetart.com\/es\/libros\/\" \/>\n<meta property=\"og:locale\" content=\"es_ES\" \/>\n<meta property=\"og:type\" content=\"article\" \/>\n<meta property=\"og:title\" content=\"Libros | BA Street Art\" \/>\n<meta property=\"og:description\" content=\"Buenos Aires Street Art public\u00f3 el primer libro sobe la escena de arte urbano y graffiti en la capital argentina en 2010 con fotos de murales en la ciudad\" \/>\n<meta property=\"og:url\" content=\"https:\/\/buenosairesstreetart.com\/es\/libros\/\" \/>\n<meta property=\"og:site_name\" content=\"Buenos Aires Street Art and Graffiti - BA Street Art\" \/>\n<meta property=\"article:publisher\" content=\"https:\/\/www.facebook.com\/buenosairesstreetart\" \/>\n<meta property=\"article:modified_time\" content=\"2021-12-10T22:19:14+00:00\" \/>\n<meta property=\"og:image\" content=\"https:\/\/buenosairesstreetart.com\/wp-content\/uploads\/2011\/12\/The-Independent-Textura-Dos-Buenos-Aires-Street-Art.jpg\" \/>\n\t<meta property=\"og:image:width\" content=\"1024\" \/>\n\t<meta property=\"og:image:height\" content=\"603\" \/>\n\t<meta property=\"og:image:type\" content=\"image\/jpeg\" \/>\n<meta name=\"twitter:card\" content=\"summary_large_image\" \/>\n<meta name=\"twitter:label1\" content=\"Tiempo de lectura\" \/>\n\t<meta name=\"twitter:data1\" content=\"1 minuto\" \/>\n<script type=\"application\/ld+json\" class=\"yoast-schema-graph\">{\"@context\":\"https:\/\/schema.org\",\"@graph\":[{\"@type\":\"WebPage\",\"@id\":\"https:\/\/buenosairesstreetart.com\/es\/libros\/\",\"url\":\"https:\/\/buenosairesstreetart.com\/es\/libros\/\",\"name\":\"Libros | BA Street Art\",\"isPartOf\":{\"@id\":\"https:\/\/buenosairesstreetart.com\/#website\"},\"primaryImageOfPage\":{\"@id\":\"https:\/\/buenosairesstreetart.com\/es\/libros\/#primaryimage\"},\"image\":{\"@id\":\"https:\/\/buenosairesstreetart.com\/es\/libros\/#primaryimage\"},\"thumbnailUrl\":\"https:\/\/buenosairesstreetart.com\/wp-content\/uploads\/2011\/12\/The-Independent-Textura-Dos-Buenos-Aires-Street-Art.jpg\",\"datePublished\":\"2011-12-06T23:40:30+00:00\",\"dateModified\":\"2021-12-10T22:19:14+00:00\",\"description\":\"Buenos Aires Street Art public\u00f3 el primer libro sobe la escena de arte urbano y graffiti en la capital argentina en 2010 con fotos de murales en la ciudad\",\"breadcrumb\":{\"@id\":\"https:\/\/buenosairesstreetart.com\/es\/libros\/#breadcrumb\"},\"inLanguage\":\"es\",\"potentialAction\":[{\"@type\":\"ReadAction\",\"target\":[\"https:\/\/buenosairesstreetart.com\/es\/libros\/\"]}]},{\"@type\":\"ImageObject\",\"inLanguage\":\"es\",\"@id\":\"https:\/\/buenosairesstreetart.com\/es\/libros\/#primaryimage\",\"url\":\"https:\/\/buenosairesstreetart.com\/wp-content\/uploads\/2011\/12\/The-Independent-Textura-Dos-Buenos-Aires-Street-Art.jpg\",\"contentUrl\":\"https:\/\/buenosairesstreetart.com\/wp-content\/uploads\/2011\/12\/The-Independent-Textura-Dos-Buenos-Aires-Street-Art.jpg\",\"width\":1024,\"height\":603,\"caption\":\"The Independent (UK)\"},{\"@type\":\"BreadcrumbList\",\"@id\":\"https:\/\/buenosairesstreetart.com\/es\/libros\/#breadcrumb\",\"itemListElement\":[{\"@type\":\"ListItem\",\"position\":1,\"name\":\"Home\",\"item\":\"https:\/\/buenosairesstreetart.com\/es\/\"},{\"@type\":\"ListItem\",\"position\":2,\"name\":\"Libros\"}]},{\"@type\":\"WebSite\",\"@id\":\"https:\/\/buenosairesstreetart.com\/#website\",\"url\":\"https:\/\/buenosairesstreetart.com\/\",\"name\":\"Buenos Aires Street Art and Graffiti - BA Street Art\",\"description\":\"Buenos Aires street art and graffiti tours\",\"publisher\":{\"@id\":\"https:\/\/buenosairesstreetart.com\/#organization\"},\"potentialAction\":[{\"@type\":\"SearchAction\",\"target\":{\"@type\":\"EntryPoint\",\"urlTemplate\":\"https:\/\/buenosairesstreetart.com\/?s={search_term_string}\"},\"query-input\":{\"@type\":\"PropertyValueSpecification\",\"valueRequired\":true,\"valueName\":\"search_term_string\"}}],\"inLanguage\":\"es\"},{\"@type\":\"Organization\",\"@id\":\"https:\/\/buenosairesstreetart.com\/#organization\",\"name\":\"Buenos Aires Street Art and Graffiti - BA Street Art\",\"url\":\"https:\/\/buenosairesstreetart.com\/\",\"logo\":{\"@type\":\"ImageObject\",\"inLanguage\":\"es\",\"@id\":\"https:\/\/buenosairesstreetart.com\/#\/schema\/logo\/image\/\",\"url\":\"https:\/\/buenosairesstreetart.com\/wp-content\/uploads\/2022\/10\/logo_main.jpg\",\"contentUrl\":\"https:\/\/buenosairesstreetart.com\/wp-content\/uploads\/2022\/10\/logo_main.jpg\",\"width\":305,\"height\":89,\"caption\":\"Buenos Aires Street Art and Graffiti - BA Street Art\"},\"image\":{\"@id\":\"https:\/\/buenosairesstreetart.com\/#\/schema\/logo\/image\/\"},\"sameAs\":[\"https:\/\/www.facebook.com\/buenosairesstreetart\"]}]}<\/script>\n<!-- \/ Yoast SEO plugin. -->","yoast_head_json":{"title":"Libros | BA Street Art","description":"Buenos Aires Street Art public\u00f3 el primer libro sobe la escena de arte urbano y graffiti en la capital argentina en 2010 con fotos de murales en la ciudad","robots":{"index":"index","follow":"follow","max-snippet":"max-snippet:-1","max-image-preview":"max-image-preview:large","max-video-preview":"max-video-preview:-1"},"canonical":"https:\/\/buenosairesstreetart.com\/es\/libros\/","og_locale":"es_ES","og_type":"article","og_title":"Libros | BA Street Art","og_description":"Buenos Aires Street Art public\u00f3 el primer libro sobe la escena de arte urbano y graffiti en la capital argentina en 2010 con fotos de murales en la ciudad","og_url":"https:\/\/buenosairesstreetart.com\/es\/libros\/","og_site_name":"Buenos Aires Street Art and Graffiti - BA Street Art","article_publisher":"https:\/\/www.facebook.com\/buenosairesstreetart","article_modified_time":"2021-12-10T22:19:14+00:00","og_image":[{"width":1024,"height":603,"url":"https:\/\/buenosairesstreetart.com\/wp-content\/uploads\/2011\/12\/The-Independent-Textura-Dos-Buenos-Aires-Street-Art.jpg","type":"image\/jpeg"}],"twitter_card":"summary_large_image","twitter_misc":{"Tiempo de lectura":"1 minuto"},"schema":{"@context":"https:\/\/schema.org","@graph":[{"@type":"WebPage","@id":"https:\/\/buenosairesstreetart.com\/es\/libros\/","url":"https:\/\/buenosairesstreetart.com\/es\/libros\/","name":"Libros | BA Street Art","isPartOf":{"@id":"https:\/\/buenosairesstreetart.com\/#website"},"primaryImageOfPage":{"@id":"https:\/\/buenosairesstreetart.com\/es\/libros\/#primaryimage"},"image":{"@id":"https:\/\/buenosairesstreetart.com\/es\/libros\/#primaryimage"},"thumbnailUrl":"https:\/\/buenosairesstreetart.com\/wp-content\/uploads\/2011\/12\/The-Independent-Textura-Dos-Buenos-Aires-Street-Art.jpg","datePublished":"2011-12-06T23:40:30+00:00","dateModified":"2021-12-10T22:19:14+00:00","description":"Buenos Aires Street Art public\u00f3 el primer libro sobe la escena de arte urbano y graffiti en la capital argentina en 2010 con fotos de murales en la ciudad","breadcrumb":{"@id":"https:\/\/buenosairesstreetart.com\/es\/libros\/#breadcrumb"},"inLanguage":"es","potentialAction":[{"@type":"ReadAction","target":["https:\/\/buenosairesstreetart.com\/es\/libros\/"]}]},{"@type":"ImageObject","inLanguage":"es","@id":"https:\/\/buenosairesstreetart.com\/es\/libros\/#primaryimage","url":"https:\/\/buenosairesstreetart.com\/wp-content\/uploads\/2011\/12\/The-Independent-Textura-Dos-Buenos-Aires-Street-Art.jpg","contentUrl":"https:\/\/buenosairesstreetart.com\/wp-content\/uploads\/2011\/12\/The-Independent-Textura-Dos-Buenos-Aires-Street-Art.jpg","width":1024,"height":603,"caption":"The Independent (UK)"},{"@type":"BreadcrumbList","@id":"https:\/\/buenosairesstreetart.com\/es\/libros\/#breadcrumb","itemListElement":[{"@type":"ListItem","position":1,"name":"Home","item":"https:\/\/buenosairesstreetart.com\/es\/"},{"@type":"ListItem","position":2,"name":"Libros"}]},{"@type":"WebSite","@id":"https:\/\/buenosairesstreetart.com\/#website","url":"https:\/\/buenosairesstreetart.com\/","name":"Buenos Aires Street Art and Graffiti - BA Street Art","description":"Buenos Aires street art and graffiti tours","publisher":{"@id":"https:\/\/buenosairesstreetart.com\/#organization"},"potentialAction":[{"@type":"SearchAction","target":{"@type":"EntryPoint","urlTemplate":"https:\/\/buenosairesstreetart.com\/?s={search_term_string}"},"query-input":{"@type":"PropertyValueSpecification","valueRequired":true,"valueName":"search_term_string"}}],"inLanguage":"es"},{"@type":"Organization","@id":"https:\/\/buenosairesstreetart.com\/#organization","name":"Buenos Aires Street Art and Graffiti - BA Street Art","url":"https:\/\/buenosairesstreetart.com\/","logo":{"@type":"ImageObject","inLanguage":"es","@id":"https:\/\/buenosairesstreetart.com\/#\/schema\/logo\/image\/","url":"https:\/\/buenosairesstreetart.com\/wp-content\/uploads\/2022\/10\/logo_main.jpg","contentUrl":"https:\/\/buenosairesstreetart.com\/wp-content\/uploads\/2022\/10\/logo_main.jpg","width":305,"height":89,"caption":"Buenos Aires Street Art and Graffiti - BA Street Art"},"image":{"@id":"https:\/\/buenosairesstreetart.com\/#\/schema\/logo\/image\/"},"sameAs":["https:\/\/www.facebook.com\/buenosairesstreetart"]}]}},"_links":{"self":[{"href":"https:\/\/buenosairesstreetart.com\/es\/wp-json\/wp\/v2\/pages\/10445","targetHints":{"allow":["GET"]}}],"collection":[{"href":"https:\/\/buenosairesstreetart.com\/es\/wp-json\/wp\/v2\/pages"}],"about":[{"href":"https:\/\/buenosairesstreetart.com\/es\/wp-json\/wp\/v2\/types\/page"}],"author":[{"embeddable":true,"href":"https:\/\/buenosairesstreetart.com\/es\/wp-json\/wp\/v2\/users\/15"}],"replies":[{"embeddable":true,"href":"https:\/\/buenosairesstreetart.com\/es\/wp-json\/wp\/v2\/comments?post=10445"}],"version-history":[{"count":0,"href":"https:\/\/buenosairesstreetart.com\/es\/wp-json\/wp\/v2\/pages\/10445\/revisions"}],"wp:featuredmedia":[{"embeddable":true,"href":"https:\/\/buenosairesstreetart.com\/es\/wp-json\/wp\/v2\/media\/730"}],"wp:attachment":[{"href":"https:\/\/buenosairesstreetart.com\/es\/wp-json\/wp\/v2\/media?parent=10445"}],"curies":[{"name":"wp","href":"https:\/\/api.w.org\/{rel}","templated":true}]}}