{"id":10442,"date":"2011-12-06T20:39:43","date_gmt":"2011-12-06T23:39:43","guid":{"rendered":"http:\/\/basa\/?page_id=10442"},"modified":"2021-12-14T17:09:49","modified_gmt":"2021-12-14T20:09:49","slug":"acerca-de-nosotros","status":"publish","type":"page","link":"https:\/\/buenosairesstreetart.com\/es\/acerca-de-nosotros\/","title":{"rendered":"Acerca de Nosotros"},"content":{"rendered":"<p><em>Buenos Aires Street Art<\/em> es una organizaci\u00f3n que trabaja con artistas callejeros y fue fundado en 2010 por Matt Fox-Tucker, un ex periodista de la BBC que es de Oxford, Inglaterra. Junto con el fot\u00f3grafo Guilherme Zauith de San Pablo, Brasil, el duo escribi\u00f3 y publicaron el primer libro sobre graffiti y street art en Buenos Aires:\u00a0<em><a style=\"color: #000000;\" href=\"buenosairesstreetart.com\/books\/\">Textura Dos: Buenos Aires Street Art<\/a>. <\/em><\/p>\n<p><em>Buenos Aires Street Art <\/em>ha organizado y patrocinado unos de los murales m\u00e1s grandes en Buenos Aires con artistas internacionales y organiza tours de street art y tiene una galer\u00eda de arte contempor\u00e1neo y un blog con las novedades de street art.<\/p>\n<p><a href=\"https:\/\/buenosairesstreetart.com\/wp-content\/uploads\/2018\/11\/murales-buenos-aires-tour-gestion-street-art-buenosairesstreetart.com_.jpg\"><img loading=\"lazy\" decoding=\"async\" class=\"aligncenter size-full wp-image-57411\" src=\"https:\/\/buenosairesstreetart.com\/wp-content\/uploads\/2018\/11\/murales-buenos-aires-tour-gestion-street-art-buenosairesstreetart.com_.jpg\" alt=\"\" width=\"2500\" height=\"687\" srcset=\"https:\/\/buenosairesstreetart.com\/wp-content\/uploads\/2018\/11\/murales-buenos-aires-tour-gestion-street-art-buenosairesstreetart.com_.jpg 2500w, https:\/\/buenosairesstreetart.com\/wp-content\/uploads\/2018\/11\/murales-buenos-aires-tour-gestion-street-art-buenosairesstreetart.com_-347x95.jpg 347w, https:\/\/buenosairesstreetart.com\/wp-content\/uploads\/2018\/11\/murales-buenos-aires-tour-gestion-street-art-buenosairesstreetart.com_-300x82.jpg 300w, https:\/\/buenosairesstreetart.com\/wp-content\/uploads\/2018\/11\/murales-buenos-aires-tour-gestion-street-art-buenosairesstreetart.com_-768x211.jpg 768w, https:\/\/buenosairesstreetart.com\/wp-content\/uploads\/2018\/11\/murales-buenos-aires-tour-gestion-street-art-buenosairesstreetart.com_-700x192.jpg 700w\" sizes=\"auto, (max-width: 2500px) 100vw, 2500px\" \/><\/a><\/p>\n<p><strong><span style=\"color: #000000;\">PROYECTOS DE MURALES<\/span><\/strong><br \/>\nEn los \u00faltimos seis a\u00f1os, <em>Buenos Aires Street Art<\/em> ha organizado m\u00e1s que 100 murales en Buenos Aires y otros pa\u00edses como B\u00e9lgica, Canada, Malasia, Tailandia, Reino Unido y los Estados Unidos. Fijense nuestra pagina de\u00a0<a href=\"https:\/\/buenosairesstreetart.com\/es\/projects\/\">Proyectos<\/a> por m\u00e1s informaci\u00f3n.<a href=\"https:\/\/buenosairesstreetart.com\/wp-content\/uploads\/2018\/11\/buenos-aires-street-art-tour-murales-buenosairesstreetart.com_.jpg\"><img loading=\"lazy\" decoding=\"async\" class=\"aligncenter size-full wp-image-57412\" src=\"https:\/\/buenosairesstreetart.com\/wp-content\/uploads\/2018\/11\/buenos-aires-street-art-tour-murales-buenosairesstreetart.com_.jpg\" alt=\"\" width=\"3390\" height=\"720\" \/><\/a><\/p>\n<p><strong><span style=\"color: #000000;\">TOURS DE STREET ART<\/span><\/strong><br \/>\n<em>Buenos Aires Street Art<\/em> organiza los\u00a0<a style=\"color: #000000;\" href=\"buenosairesstreetart.com\/product\/street-art-tours\/\">street art\u00a0tours<\/a> mostrando unos de los mejores murales en Buenos Aires por artistas internacionales y locales. Muchos de los murales que est\u00e1n incluidos en nuestros tours fueron organizados y patrocinados por\u00a0<em>Buenos Aires Street Art<\/em>. Los tours privados a pie y en un auto o minibus tambi\u00e9n est\u00e1n disponibles.<\/p>\n<p><a href=\"https:\/\/buenosairesstreetart.com\/wp-content\/uploads\/2018\/11\/street-art-gallery-buenos-aires-info@buenosairesstreetart.com-buenosairesstreetart.com_.jpg\"><img loading=\"lazy\" decoding=\"async\" class=\"aligncenter size-full wp-image-57413\" src=\"https:\/\/buenosairesstreetart.com\/wp-content\/uploads\/2018\/11\/street-art-gallery-buenos-aires-info@buenosairesstreetart.com-buenosairesstreetart.com_.jpg\" alt=\"\" width=\"1600\" height=\"362\" srcset=\"https:\/\/buenosairesstreetart.com\/wp-content\/uploads\/2018\/11\/street-art-gallery-buenos-aires-info@buenosairesstreetart.com-buenosairesstreetart.com_.jpg 1600w, https:\/\/buenosairesstreetart.com\/wp-content\/uploads\/2018\/11\/street-art-gallery-buenos-aires-info@buenosairesstreetart.com-buenosairesstreetart.com_-347x79.jpg 347w, https:\/\/buenosairesstreetart.com\/wp-content\/uploads\/2018\/11\/street-art-gallery-buenos-aires-info@buenosairesstreetart.com-buenosairesstreetart.com_-300x68.jpg 300w, https:\/\/buenosairesstreetart.com\/wp-content\/uploads\/2018\/11\/street-art-gallery-buenos-aires-info@buenosairesstreetart.com-buenosairesstreetart.com_-768x174.jpg 768w, https:\/\/buenosairesstreetart.com\/wp-content\/uploads\/2018\/11\/street-art-gallery-buenos-aires-info@buenosairesstreetart.com-buenosairesstreetart.com_-700x158.jpg 700w\" sizes=\"auto, (max-width: 1600px) 100vw, 1600px\" \/><\/a><\/p>\n<p><strong><span style=\"color: #000000;\">STREET ART GALLERY<\/span><\/strong><br \/>\nTenemos una galer\u00eda de arte contempor\u00e1neo con cuadros a la venta por artistas latinoamericanos. Visitan nuestra pagina\u00a0<a href=\"https:\/\/buenosairesstreetart.com\/es\/gallery\/\">Gallery<\/a>.<\/p>\n<p><span style=\"color: #000000;\"><a href=\"https:\/\/buenosairesstreetart.com\/wp-content\/uploads\/2018\/11\/prensa-graffiti-buenos-aires-BA-Street-Art.jpg\"><img loading=\"lazy\" decoding=\"async\" class=\"aligncenter size-full wp-image-57414\" src=\"https:\/\/buenosairesstreetart.com\/wp-content\/uploads\/2018\/11\/prensa-graffiti-buenos-aires-BA-Street-Art.jpg\" alt=\"\" width=\"1574\" height=\"416\" srcset=\"https:\/\/buenosairesstreetart.com\/wp-content\/uploads\/2018\/11\/prensa-graffiti-buenos-aires-BA-Street-Art.jpg 1574w, https:\/\/buenosairesstreetart.com\/wp-content\/uploads\/2018\/11\/prensa-graffiti-buenos-aires-BA-Street-Art-347x92.jpg 347w, https:\/\/buenosairesstreetart.com\/wp-content\/uploads\/2018\/11\/prensa-graffiti-buenos-aires-BA-Street-Art-300x79.jpg 300w, https:\/\/buenosairesstreetart.com\/wp-content\/uploads\/2018\/11\/prensa-graffiti-buenos-aires-BA-Street-Art-768x203.jpg 768w, https:\/\/buenosairesstreetart.com\/wp-content\/uploads\/2018\/11\/prensa-graffiti-buenos-aires-BA-Street-Art-700x185.jpg 700w\" sizes=\"auto, (max-width: 1574px) 100vw, 1574px\" \/><\/a><\/span><\/p>\n<p><strong><span style=\"color: #000000;\">PRESS<\/span><\/strong><br \/>\nNuestros proyectos de murales, tours, exposiciones en galer\u00edas y trabajo para promocionar la escena de arte urbano en Buenos Aires hab\u00edan publicados en medios internacionales como The Guardian, The Telegraph, The Independent, BBC y Al Jazeera. Fijense nuestra pagina de\u00a0<a href=\"https:\/\/buenosairesstreetart.com\/es\/press\/\">Prensa<\/a> para discubrir m\u00e1s informaci\u00f3n.<\/p>\n<p><a href=\"https:\/\/buenosairesstreetart.com\/wp-content\/uploads\/2018\/11\/street-art-news-buenos-aires-graffiti-tour-buenosairesstreetart.com_-1.png\"><img loading=\"lazy\" decoding=\"async\" class=\"aligncenter size-full wp-image-57415\" src=\"https:\/\/buenosairesstreetart.com\/wp-content\/uploads\/2018\/11\/street-art-news-buenos-aires-graffiti-tour-buenosairesstreetart.com_-1.png\" alt=\"\" width=\"1181\" height=\"187\" srcset=\"https:\/\/buenosairesstreetart.com\/wp-content\/uploads\/2018\/11\/street-art-news-buenos-aires-graffiti-tour-buenosairesstreetart.com_-1.png 1181w, https:\/\/buenosairesstreetart.com\/wp-content\/uploads\/2018\/11\/street-art-news-buenos-aires-graffiti-tour-buenosairesstreetart.com_-1-347x55.png 347w, https:\/\/buenosairesstreetart.com\/wp-content\/uploads\/2018\/11\/street-art-news-buenos-aires-graffiti-tour-buenosairesstreetart.com_-1-300x48.png 300w, https:\/\/buenosairesstreetart.com\/wp-content\/uploads\/2018\/11\/street-art-news-buenos-aires-graffiti-tour-buenosairesstreetart.com_-1-768x122.png 768w, https:\/\/buenosairesstreetart.com\/wp-content\/uploads\/2018\/11\/street-art-news-buenos-aires-graffiti-tour-buenosairesstreetart.com_-1-700x111.png 700w\" sizes=\"auto, (max-width: 1181px) 100vw, 1181px\" \/><\/a><\/p>\n<p><strong><span style=\"color: #000000;\">NOTICIAS<\/span><\/strong><br \/>\nTenemos un blog que documenta la creatividad y intervenciones artist\u00edcas en las calles de Buenos Aires. Fijense m\u00e1s noticias de <em>Buenos Aires Street Art<\/em> on\u00a0<a style=\"color: #000000;\" title=\"Buenos Aires Street Art on Facebook\" href=\"http:\/\/www.facebook.com\/buenosairesstreetart\">Facebook<\/a>, <a style=\"color: #000000;\" href=\"www.instagram.com\/bastreetart\/\">Instagram<\/a> and <a style=\"color: #000000;\" href=\"www.twitter.com\/bastreetart\">Twitter<\/a><br \/>\nSi quieren contactarnos pueden enviarnos un email a info@buenosairesstreetart.com. Hablamos ingl\u00e9s y espa\u00f1ol.<\/p>\n","protected":false},"excerpt":{"rendered":"<p>Buenos Aires Street Art es una organizaci\u00f3n que trabaja con artistas callejeros y fue fundado en 2010 por Matt Fox-Tucker,&#8230;<\/p>\n","protected":false},"author":15,"featured_media":10444,"parent":0,"menu_order":0,"comment_status":"closed","ping_status":"closed","template":"","meta":{"_themeisle_gutenberg_block_has_review":false,"footnotes":""},"class_list":["post-10442","page","type-page","status-publish","has-post-thumbnail","hentry"],"yoast_head":"<!-- This site is optimized with the Yoast SEO plugin v26.6 - https:\/\/yoast.com\/wordpress\/plugins\/seo\/ -->\n<title>Acerca de Nosotros | BA Street Art<\/title>\n<meta name=\"description\" content=\"Buenos Aires Street Art trabaja con artistas callejeros, organiza murales y graffiti tours y tenemos una galer\u00eda de arte urbano.\" \/>\n<meta name=\"robots\" content=\"index, follow, max-snippet:-1, max-image-preview:large, max-video-preview:-1\" \/>\n<link rel=\"canonical\" href=\"https:\/\/buenosairesstreetart.com\/es\/acerca-de-nosotros\/\" \/>\n<meta property=\"og:locale\" content=\"es_ES\" \/>\n<meta property=\"og:type\" content=\"article\" \/>\n<meta property=\"og:title\" content=\"Acerca de Nosotros | BA Street Art\" \/>\n<meta property=\"og:description\" content=\"Buenos Aires Street Art trabaja con artistas callejeros, organiza murales y graffiti tours y tenemos una galer\u00eda de arte urbano.\" \/>\n<meta property=\"og:url\" content=\"https:\/\/buenosairesstreetart.com\/es\/acerca-de-nosotros\/\" \/>\n<meta property=\"og:site_name\" content=\"Buenos Aires Street Art and Graffiti - BA Street Art\" \/>\n<meta property=\"article:publisher\" content=\"https:\/\/www.facebook.com\/buenosairesstreetart\" \/>\n<meta property=\"article:modified_time\" content=\"2021-12-14T20:09:49+00:00\" \/>\n<meta property=\"og:image\" content=\"https:\/\/buenosairesstreetart.com\/wp-content\/uploads\/2012\/11\/argentina-lean-frizzera-street-artist-buenos-aires-\u00a9-buenosairesstreetart.com_2.jpg\" \/>\n\t<meta property=\"og:image:width\" content=\"1\" \/>\n\t<meta property=\"og:image:height\" content=\"1\" \/>\n\t<meta property=\"og:image:type\" content=\"image\/jpeg\" \/>\n<meta name=\"twitter:card\" content=\"summary_large_image\" \/>\n<meta name=\"twitter:label1\" content=\"Tiempo de lectura\" \/>\n\t<meta name=\"twitter:data1\" content=\"3 minutos\" \/>\n<script type=\"application\/ld+json\" class=\"yoast-schema-graph\">{\"@context\":\"https:\/\/schema.org\",\"@graph\":[{\"@type\":\"WebPage\",\"@id\":\"https:\/\/buenosairesstreetart.com\/es\/acerca-de-nosotros\/\",\"url\":\"https:\/\/buenosairesstreetart.com\/es\/acerca-de-nosotros\/\",\"name\":\"Acerca de Nosotros | BA Street Art\",\"isPartOf\":{\"@id\":\"https:\/\/buenosairesstreetart.com\/#website\"},\"primaryImageOfPage\":{\"@id\":\"https:\/\/buenosairesstreetart.com\/es\/acerca-de-nosotros\/#primaryimage\"},\"image\":{\"@id\":\"https:\/\/buenosairesstreetart.com\/es\/acerca-de-nosotros\/#primaryimage\"},\"thumbnailUrl\":\"https:\/\/buenosairesstreetart.com\/wp-content\/uploads\/2012\/11\/argentina-lean-frizzera-street-artist-buenos-aires-\u00a9-buenosairesstreetart.com_2.jpg\",\"datePublished\":\"2011-12-06T23:39:43+00:00\",\"dateModified\":\"2021-12-14T20:09:49+00:00\",\"description\":\"Buenos Aires Street Art trabaja con artistas callejeros, organiza murales y graffiti tours y tenemos una galer\u00eda de arte urbano.\",\"breadcrumb\":{\"@id\":\"https:\/\/buenosairesstreetart.com\/es\/acerca-de-nosotros\/#breadcrumb\"},\"inLanguage\":\"es\",\"potentialAction\":[{\"@type\":\"ReadAction\",\"target\":[\"https:\/\/buenosairesstreetart.com\/es\/acerca-de-nosotros\/\"]}]},{\"@type\":\"ImageObject\",\"inLanguage\":\"es\",\"@id\":\"https:\/\/buenosairesstreetart.com\/es\/acerca-de-nosotros\/#primaryimage\",\"url\":\"https:\/\/buenosairesstreetart.com\/wp-content\/uploads\/2012\/11\/argentina-lean-frizzera-street-artist-buenos-aires-\u00a9-buenosairesstreetart.com_2.jpg\",\"contentUrl\":\"https:\/\/buenosairesstreetart.com\/wp-content\/uploads\/2012\/11\/argentina-lean-frizzera-street-artist-buenos-aires-\u00a9-buenosairesstreetart.com_2.jpg\"},{\"@type\":\"BreadcrumbList\",\"@id\":\"https:\/\/buenosairesstreetart.com\/es\/acerca-de-nosotros\/#breadcrumb\",\"itemListElement\":[{\"@type\":\"ListItem\",\"position\":1,\"name\":\"Home\",\"item\":\"https:\/\/buenosairesstreetart.com\/es\/\"},{\"@type\":\"ListItem\",\"position\":2,\"name\":\"Acerca de Nosotros\"}]},{\"@type\":\"WebSite\",\"@id\":\"https:\/\/buenosairesstreetart.com\/#website\",\"url\":\"https:\/\/buenosairesstreetart.com\/\",\"name\":\"Buenos Aires Street Art and Graffiti - BA Street Art\",\"description\":\"Buenos Aires street art and graffiti tours\",\"publisher\":{\"@id\":\"https:\/\/buenosairesstreetart.com\/#organization\"},\"potentialAction\":[{\"@type\":\"SearchAction\",\"target\":{\"@type\":\"EntryPoint\",\"urlTemplate\":\"https:\/\/buenosairesstreetart.com\/?s={search_term_string}\"},\"query-input\":{\"@type\":\"PropertyValueSpecification\",\"valueRequired\":true,\"valueName\":\"search_term_string\"}}],\"inLanguage\":\"es\"},{\"@type\":\"Organization\",\"@id\":\"https:\/\/buenosairesstreetart.com\/#organization\",\"name\":\"Buenos Aires Street Art and Graffiti - BA Street Art\",\"url\":\"https:\/\/buenosairesstreetart.com\/\",\"logo\":{\"@type\":\"ImageObject\",\"inLanguage\":\"es\",\"@id\":\"https:\/\/buenosairesstreetart.com\/#\/schema\/logo\/image\/\",\"url\":\"https:\/\/buenosairesstreetart.com\/wp-content\/uploads\/2022\/10\/logo_main.jpg\",\"contentUrl\":\"https:\/\/buenosairesstreetart.com\/wp-content\/uploads\/2022\/10\/logo_main.jpg\",\"width\":305,\"height\":89,\"caption\":\"Buenos Aires Street Art and Graffiti - BA Street Art\"},\"image\":{\"@id\":\"https:\/\/buenosairesstreetart.com\/#\/schema\/logo\/image\/\"},\"sameAs\":[\"https:\/\/www.facebook.com\/buenosairesstreetart\"]}]}<\/script>\n<!-- \/ Yoast SEO plugin. -->","yoast_head_json":{"title":"Acerca de Nosotros | BA Street Art","description":"Buenos Aires Street Art trabaja con artistas callejeros, organiza murales y graffiti tours y tenemos una galer\u00eda de arte urbano.","robots":{"index":"index","follow":"follow","max-snippet":"max-snippet:-1","max-image-preview":"max-image-preview:large","max-video-preview":"max-video-preview:-1"},"canonical":"https:\/\/buenosairesstreetart.com\/es\/acerca-de-nosotros\/","og_locale":"es_ES","og_type":"article","og_title":"Acerca de Nosotros | BA Street Art","og_description":"Buenos Aires Street Art trabaja con artistas callejeros, organiza murales y graffiti tours y tenemos una galer\u00eda de arte urbano.","og_url":"https:\/\/buenosairesstreetart.com\/es\/acerca-de-nosotros\/","og_site_name":"Buenos Aires Street Art and Graffiti - BA Street Art","article_publisher":"https:\/\/www.facebook.com\/buenosairesstreetart","article_modified_time":"2021-12-14T20:09:49+00:00","og_image":[{"url":"https:\/\/buenosairesstreetart.com\/wp-content\/uploads\/2012\/11\/argentina-lean-frizzera-street-artist-buenos-aires-\u00a9-buenosairesstreetart.com_2.jpg","width":1,"height":1,"type":"image\/jpeg"}],"twitter_card":"summary_large_image","twitter_misc":{"Tiempo de lectura":"3 minutos"},"schema":{"@context":"https:\/\/schema.org","@graph":[{"@type":"WebPage","@id":"https:\/\/buenosairesstreetart.com\/es\/acerca-de-nosotros\/","url":"https:\/\/buenosairesstreetart.com\/es\/acerca-de-nosotros\/","name":"Acerca de Nosotros | BA Street Art","isPartOf":{"@id":"https:\/\/buenosairesstreetart.com\/#website"},"primaryImageOfPage":{"@id":"https:\/\/buenosairesstreetart.com\/es\/acerca-de-nosotros\/#primaryimage"},"image":{"@id":"https:\/\/buenosairesstreetart.com\/es\/acerca-de-nosotros\/#primaryimage"},"thumbnailUrl":"https:\/\/buenosairesstreetart.com\/wp-content\/uploads\/2012\/11\/argentina-lean-frizzera-street-artist-buenos-aires-\u00a9-buenosairesstreetart.com_2.jpg","datePublished":"2011-12-06T23:39:43+00:00","dateModified":"2021-12-14T20:09:49+00:00","description":"Buenos Aires Street Art trabaja con artistas callejeros, organiza murales y graffiti tours y tenemos una galer\u00eda de arte urbano.","breadcrumb":{"@id":"https:\/\/buenosairesstreetart.com\/es\/acerca-de-nosotros\/#breadcrumb"},"inLanguage":"es","potentialAction":[{"@type":"ReadAction","target":["https:\/\/buenosairesstreetart.com\/es\/acerca-de-nosotros\/"]}]},{"@type":"ImageObject","inLanguage":"es","@id":"https:\/\/buenosairesstreetart.com\/es\/acerca-de-nosotros\/#primaryimage","url":"https:\/\/buenosairesstreetart.com\/wp-content\/uploads\/2012\/11\/argentina-lean-frizzera-street-artist-buenos-aires-\u00a9-buenosairesstreetart.com_2.jpg","contentUrl":"https:\/\/buenosairesstreetart.com\/wp-content\/uploads\/2012\/11\/argentina-lean-frizzera-street-artist-buenos-aires-\u00a9-buenosairesstreetart.com_2.jpg"},{"@type":"BreadcrumbList","@id":"https:\/\/buenosairesstreetart.com\/es\/acerca-de-nosotros\/#breadcrumb","itemListElement":[{"@type":"ListItem","position":1,"name":"Home","item":"https:\/\/buenosairesstreetart.com\/es\/"},{"@type":"ListItem","position":2,"name":"Acerca de Nosotros"}]},{"@type":"WebSite","@id":"https:\/\/buenosairesstreetart.com\/#website","url":"https:\/\/buenosairesstreetart.com\/","name":"Buenos Aires Street Art and Graffiti - BA Street Art","description":"Buenos Aires street art and graffiti tours","publisher":{"@id":"https:\/\/buenosairesstreetart.com\/#organization"},"potentialAction":[{"@type":"SearchAction","target":{"@type":"EntryPoint","urlTemplate":"https:\/\/buenosairesstreetart.com\/?s={search_term_string}"},"query-input":{"@type":"PropertyValueSpecification","valueRequired":true,"valueName":"search_term_string"}}],"inLanguage":"es"},{"@type":"Organization","@id":"https:\/\/buenosairesstreetart.com\/#organization","name":"Buenos Aires Street Art and Graffiti - BA Street Art","url":"https:\/\/buenosairesstreetart.com\/","logo":{"@type":"ImageObject","inLanguage":"es","@id":"https:\/\/buenosairesstreetart.com\/#\/schema\/logo\/image\/","url":"https:\/\/buenosairesstreetart.com\/wp-content\/uploads\/2022\/10\/logo_main.jpg","contentUrl":"https:\/\/buenosairesstreetart.com\/wp-content\/uploads\/2022\/10\/logo_main.jpg","width":305,"height":89,"caption":"Buenos Aires Street Art and Graffiti - BA Street Art"},"image":{"@id":"https:\/\/buenosairesstreetart.com\/#\/schema\/logo\/image\/"},"sameAs":["https:\/\/www.facebook.com\/buenosairesstreetart"]}]}},"_links":{"self":[{"href":"https:\/\/buenosairesstreetart.com\/es\/wp-json\/wp\/v2\/pages\/10442","targetHints":{"allow":["GET"]}}],"collection":[{"href":"https:\/\/buenosairesstreetart.com\/es\/wp-json\/wp\/v2\/pages"}],"about":[{"href":"https:\/\/buenosairesstreetart.com\/es\/wp-json\/wp\/v2\/types\/page"}],"author":[{"embeddable":true,"href":"https:\/\/buenosairesstreetart.com\/es\/wp-json\/wp\/v2\/users\/15"}],"replies":[{"embeddable":true,"href":"https:\/\/buenosairesstreetart.com\/es\/wp-json\/wp\/v2\/comments?post=10442"}],"version-history":[{"count":0,"href":"https:\/\/buenosairesstreetart.com\/es\/wp-json\/wp\/v2\/pages\/10442\/revisions"}],"wp:featuredmedia":[{"embeddable":true,"href":"https:\/\/buenosairesstreetart.com\/es\/wp-json\/wp\/v2\/media\/10444"}],"wp:attachment":[{"href":"https:\/\/buenosairesstreetart.com\/es\/wp-json\/wp\/v2\/media?parent=10442"}],"curies":[{"name":"wp","href":"https:\/\/api.w.org\/{rel}","templated":true}]}}